{"id":760,"date":"2013-05-15T23:33:26","date_gmt":"2013-05-15T21:33:26","guid":{"rendered":"http:\/\/pevermeersch.com\/?page_id=760"},"modified":"2025-02-04T19:50:20","modified_gmt":"2025-02-04T19:50:20","slug":"portrait-of-a-carpet","status":"publish","type":"page","link":"https:\/\/pevermeersch.com\/nl\/portrait-of-a-carpet\/","title":{"rendered":"PORTRAIT OF A CARPET  (vier vrouwen vier tapijten) video installatie"},"content":{"rendered":"<p>Video , creatie 2013<\/p>\n<p><a href=\"https:\/\/youtu.be\/BM1zEl3fGCk\">VIDEO<\/a><\/p>\n<p style=\"text-align: justify;\">De laatste jaren onderzocht P\u00e9 Vermeersch, samen met Paul Vandenbroeck en een groep dansers een link tussen berbertapijten en lichaam en dans en weefkunst. Het onderzoek resulteerde in een aantal performances in Lokaal O1 en Radical HeArts Studio en een video werk bestaande enerzijds uit de formeless form\u2019 \u2013 organische compositie voor groep, en \u2018 vier potrtetten van tapijten , waarin we telkens \u00e9\u00e9n vrouw in relatie tot \u00e9\u00e9n tapijt zien. Met dit werk wordt het ervaringsgeladen lichaam als mediator voor abstrakte kunst voorgesteld.<\/p>\n<p style=\"text-align: justify;\">Video\u2019s to be seen in Roger Raveel Museum (Machelen near Ghent) 16 june \u2013 13 october&nbsp; 2013<\/p>\n<p><div class=\"wc-gallery\"><div class='wcflexslider-container wc-gallery-bottomspace-default wc-gallery-clear'><div id='gallery-1' class='gallery wc-gallery-captions-onhover gallery-link-post wcflexslider wcsliderauto' data-gutter-width='5' data-columns='3' data-hide-controls='false'><ul class='slides'>\n\t\t\t\t<li class='gallery-item gallery-item-position-1 gallery-item-attachment-4427 wcflex-slide-item'>\n\t\t\t\t\t<div class='gallery-icon landscape'>\n\t\t\t\t\t\t<a href=\"https:\/\/pevermeersch.com\/nl\/portrait-of-a-carpet\/dsc_8653\/\" target=\"_self\"><img src='https:\/\/pevermeersch.com\/wp-content\/uploads\/2021\/01\/DSC_8653.jpeg' width='1280' height='762' alt='' \/><\/a>\n\t\t\t\t\t<\/div><\/li>\n\t\t\t\t<li class='gallery-item gallery-item-position-2 gallery-item-attachment-4426 wcflex-slide-item'>\n\t\t\t\t\t<div class='gallery-icon portrait'>\n\t\t\t\t\t\t<a href=\"https:\/\/pevermeersch.com\/nl\/portrait-of-a-carpet\/dsc_8643\/\" target=\"_self\"><img src='https:\/\/pevermeersch.com\/wp-content\/uploads\/2021\/01\/DSC_8643.jpeg' width='481' height='536' alt='' \/><\/a>\n\t\t\t\t\t<\/div><\/li><\/ul><\/div>\n<\/div>\n<\/div><\/p>","protected":false},"excerpt":{"rendered":"<p>Video , creatie 2013 VIDEO De laatste jaren onderzocht P\u00e9 Vermeersch, samen met Paul Vandenbroeck en een groep dansers een link tussen berbertapijten en lichaam en dans en weefkunst. Het &hellip; <a href=\"https:\/\/pevermeersch.com\/nl\/portrait-of-a-carpet\/\" class=\"more-link\">Lees verder <span class=\"screen-reader-text\">PORTRAIT OF A CARPET  (vier vrouwen vier tapijten) video installatie<\/span> <span class=\"meta-nav\">&rarr;<\/span><\/a><\/p>\n","protected":false},"author":3,"featured_media":4426,"parent":0,"menu_order":0,"comment_status":"closed","ping_status":"open","template":"","meta":{"ngg_post_thumbnail":0,"footnotes":""},"class_list":["post-760","page","type-page","status-publish","has-post-thumbnail","hentry"],"_links":{"self":[{"href":"https:\/\/pevermeersch.com\/nl\/wp-json\/wp\/v2\/pages\/760","targetHints":{"allow":["GET"]}}],"collection":[{"href":"https:\/\/pevermeersch.com\/nl\/wp-json\/wp\/v2\/pages"}],"about":[{"href":"https:\/\/pevermeersch.com\/nl\/wp-json\/wp\/v2\/types\/page"}],"author":[{"embeddable":true,"href":"https:\/\/pevermeersch.com\/nl\/wp-json\/wp\/v2\/users\/3"}],"replies":[{"embeddable":true,"href":"https:\/\/pevermeersch.com\/nl\/wp-json\/wp\/v2\/comments?post=760"}],"version-history":[{"count":1,"href":"https:\/\/pevermeersch.com\/nl\/wp-json\/wp\/v2\/pages\/760\/revisions"}],"predecessor-version":[{"id":5865,"href":"https:\/\/pevermeersch.com\/nl\/wp-json\/wp\/v2\/pages\/760\/revisions\/5865"}],"wp:featuredmedia":[{"embeddable":true,"href":"https:\/\/pevermeersch.com\/nl\/wp-json\/wp\/v2\/media\/4426"}],"wp:attachment":[{"href":"https:\/\/pevermeersch.com\/nl\/wp-json\/wp\/v2\/media?parent=760"}],"curies":[{"name":"wp","href":"https:\/\/api.w.org\/{rel}","templated":true}]}}