{"id":5004,"date":"2021-10-18T15:30:02","date_gmt":"2021-10-18T15:30:02","guid":{"rendered":"https:\/\/pevermeersch.com\/?page_id=5004"},"modified":"2021-10-18T15:32:48","modified_gmt":"2021-10-18T15:32:48","slug":"concept-blondes-have-no-soul","status":"publish","type":"page","link":"https:\/\/pevermeersch.com\/nl\/concept-blondes-have-no-soul\/","title":{"rendered":"CONCEPT BLONDES HAVE NO SOUL"},"content":{"rendered":"<p><\/p>\n<p style=\"text-align: justify;\">\u2018Blondes have no soul\u2019 werd reeds gemaakt in 2001, en vond zijn wereldpremi\u00e8re in Japan, toen P\u00e9 artiste in residentie was in het Kyoto Art Center, intensief Noh studeerde en samenwerkte met Akira Kasai en Min Tanaka. Dit was haar eerste werk dat geen narratief verhaal wou vertellen en dans wou ontdoen van elk atmosferisch element. Gaandeweg werd het een statement tegen het gebanaliseerde en ge\u00ebrotiseerde gebruik en het tonen van naaktheid in hedendaagse dans. Hier stelt P\u00e9 naaktheid op een pure, niet provocatieve, maar evidente en natuurlijke wijze voor. Deze naaktheid is enkel die van een vrij, niet-getraumatiseerd dansend lichaam.<\/p>\n<p style=\"text-align: justify;\">De grote uitdaging van dit werk is het non-stop dansen in een haast absolute stilte. De soundscape bestaat enkel uit P\u00e9&#8217;s ademhaling en vier krachtige lamentaties gebaseerd op traditionele Noh liederen. Een paar keer verstoort een 7 seconden durende soundtrack van Pahle D\u00e4hlstadt de stille gebeurtenis.<\/p>\n<p style=\"text-align: justify;\">Met dit werk verzoekt P\u00e9 duidelijk om hedendaagse dans anders dan gewoonlijk te beleven en te bekijken. Met gelaatsuitdrukkingen, subtiele bewegingen en minimale gestes rijgt ze een hypnotiserende stroom van ervaringen aan elkaar. Dans is hier een bewegende sculptuur. Het werk geeft een bijzondere tijdservaring om te contempleren en te voelen.<\/p>\n<p style=\"text-align: justify;\">\u2018Blondes have no soul\u2019 is een radikale solo dans ontstaan vanuit het verlangen om te ontdekken wat een danser kan communiceren of aan het publiek kan aanreiken wanneer hij\/zij zich enkel toeverlaat op beweging, zonder narratieve of zelfs emotionele context, zonder muzikale \u2018ondersteuning\u2019. Dit werk ontstond vanuit het verlangen te ontdekken of de danseres\/performer&nbsp; enkel met&nbsp; haar lichaam, dans en stem&nbsp; ook een publiek zou kunnen raken. Het resultaat van deze vraagstelling, die een nog steeds verder durend proces is, was dit werk voor naaktheid, stilte en wit. Een volledig zuiver en energetisch werk, waarin, zoals in een abstract schilderij, het mogelijk is, een reis te ondernemen. De witte sc\u00e8ne van \u2018Blondes\u2019 is zoals een maagdelijk wit doek waarop oneindig veel, maar steeds heldere lijnen getekend worden.<\/p>\n<p style=\"text-align: justify;\">\u2018Blondes have no soul\u2019 is gemaakt voor een toekomst waarin er geen plaats meer is voor theatraliteit, maar waar enkel nog een eeuwig durende cyclus van dans en zang bestaat. De voorstelling is een manier van zijn, gegrepen uit deze cyclus.&nbsp; Omdat er geen narratief kader is dat verhaalt over politiek of sociaal relevante thema\u2019s ontstaat de betekenis enkel in het soort lichaam dat wordt voorgesteld en het soort energie dat het communiceert.&nbsp; Met dit werk ontwikkelt ze de steunpilaren van haar danstaal en ontdekt ze het belang van het denken tijdens de act van haar lange improvisatorische dans.<\/p>\n<p style=\"text-align: justify;\"><img fetchpriority=\"high\" decoding=\"async\" class=\"alignnone size-medium wp-image-365\" src=\"http:\/\/octopuls.com\/wordpress\/pevermeersch\/wp-content\/uploads\/2013\/03\/tekeningen_0001-184x300.jpg\" alt=\"\" width=\"184\" height=\"300\" srcset=\"https:\/\/pevermeersch.com\/wp-content\/uploads\/2013\/03\/tekeningen_0001-184x300.jpg 184w, https:\/\/pevermeersch.com\/wp-content\/uploads\/2013\/03\/tekeningen_0001-768x1253.jpg 768w, https:\/\/pevermeersch.com\/wp-content\/uploads\/2013\/03\/tekeningen_0001-627x1024.jpg 627w, https:\/\/pevermeersch.com\/wp-content\/uploads\/2013\/03\/tekeningen_0001.jpg 1519w\" sizes=\"(max-width: 184px) 100vw, 184px\" \/>Dans is hier een complexe en hypersensibele zijnstoestand. Geen enkele beweging is geanticipeerd, maar wel is de kwaliteit waarin wordt bewogen vastliggend. In een lange continue improvisatie van \u00e9\u00e9n tot twee uren, zoekt P\u00e9 om ongrijpbaar en onvoorpelbaar te zijn, steeds veranderend.&nbsp; De dans wentelt zich heel expliciet in een paradox en cre\u00ebert de complexiteit in een verfijnde motoriek en lichaamsbewustzijn, een sterke verbeeldingskracht en een diepgaand gevoel van overgave.&nbsp; Zoals een snelstromende rivier ook een ontspannend gevoel kan teweeg brengen, zoekt zij met haar dans doorheen een veelheid aan beweging een innerlijke rust de cre\u00ebren. \u2018Inner speed is slow, outer speed is fast\u2019.<\/p>\n<p style=\"text-align: justify;\">Met \u2018Blondes have no soul\u2019 reikt P\u00e9 naar een dans, zo complex als een regenwoud; bewegingloos uitgestrekt en groots als geheel, maar samengesteld uit tal van onvoorspelbare, onwaarneembare en ondefinieerbare bewegingen. Waar begint en eindigt de beweging van het regenwoud. Regendruppel, kikker, wolk, tong van de gifslang, bomen die vallen, natte aarde &#8230;<\/p>\n<p style=\"text-align: justify;\">Dit lichaamswerk, resultaat van een lang nomadisch proces, brengt ze naar de sc\u00e8ne, in het hier en nu. Hoe kan een danser de complexiteit van de samenleving en&nbsp; globaliserende communicatie en omgeving terugbrengen naar een puur lichamelijk werk ?<\/p>\n<p style=\"text-align: justify;\">\u2018Ik weet niet precies wat ik geef aan het publiek, want dat hangt ook van ieder afzonderlijk af. Ik weet alleen \u2018dat\u2019 ik geef en hoe meer ik leef, hoe meer ik geven kan.&nbsp; Ik zoek naar het wonderlijke, spirituele en rituele, en probeer zichtbaar te maken wat onzichtbaar is. Ik probeer te verbinden, anders heeft noch dans noch kunst voor mij zin\u2019.<\/p>\n<p style=\"text-align: justify;\">Credits :<\/p>\n<p style=\"text-align: justify;\">Scenografie, concept, dans : P\u00e9 Vermeersch<\/p>\n<p style=\"text-align: justify;\">7\u201d geluid : Pahle D\u00e4hlstadt<\/p>\n<p><\/p>","protected":false},"excerpt":{"rendered":"<p>\u2018Blondes have no soul\u2019 werd reeds gemaakt in 2001, en vond zijn wereldpremi\u00e8re in Japan, toen P\u00e9 artiste in residentie was in het Kyoto Art Center, intensief Noh studeerde en &hellip; <a href=\"https:\/\/pevermeersch.com\/nl\/concept-blondes-have-no-soul\/\" class=\"more-link\">Lees verder <span class=\"screen-reader-text\">CONCEPT BLONDES HAVE NO SOUL<\/span> <span class=\"meta-nav\">&rarr;<\/span><\/a><\/p>\n","protected":false},"author":3,"featured_media":0,"parent":0,"menu_order":0,"comment_status":"closed","ping_status":"closed","template":"","meta":{"ngg_post_thumbnail":0,"footnotes":""},"class_list":["post-5004","page","type-page","status-publish","hentry"],"_links":{"self":[{"href":"https:\/\/pevermeersch.com\/nl\/wp-json\/wp\/v2\/pages\/5004","targetHints":{"allow":["GET"]}}],"collection":[{"href":"https:\/\/pevermeersch.com\/nl\/wp-json\/wp\/v2\/pages"}],"about":[{"href":"https:\/\/pevermeersch.com\/nl\/wp-json\/wp\/v2\/types\/page"}],"author":[{"embeddable":true,"href":"https:\/\/pevermeersch.com\/nl\/wp-json\/wp\/v2\/users\/3"}],"replies":[{"embeddable":true,"href":"https:\/\/pevermeersch.com\/nl\/wp-json\/wp\/v2\/comments?post=5004"}],"version-history":[{"count":0,"href":"https:\/\/pevermeersch.com\/nl\/wp-json\/wp\/v2\/pages\/5004\/revisions"}],"wp:attachment":[{"href":"https:\/\/pevermeersch.com\/nl\/wp-json\/wp\/v2\/media?parent=5004"}],"curies":[{"name":"wp","href":"https:\/\/api.w.org\/{rel}","templated":true}]}}