{"id":4087,"date":"2020-10-25T00:36:40","date_gmt":"2020-10-25T00:36:40","guid":{"rendered":"https:\/\/pevermeersch.com\/?page_id=4087"},"modified":"2022-06-08T14:17:22","modified_gmt":"2022-06-08T14:17:22","slug":"ademrood-rouge-respirant-red-oxygen","status":"publish","type":"page","link":"https:\/\/pevermeersch.com\/nl\/ademrood-rouge-respirant-red-oxygen\/","title":{"rendered":"Ademrood\/rouge respirant\/red oxygen (2020)"},"content":{"rendered":"<p><\/p>\n<p style=\"text-align: center;\"><img decoding=\"async\" class=\"size-thumbnail wp-image-4881 alignleft\" src=\"https:\/\/pevermeersch.com\/wp-content\/uploads\/2021\/09\/Schermata-2021-08-12-alle-10.52.42-150x150.png\" alt=\"\" width=\"150\" height=\"150\" srcset=\"https:\/\/pevermeersch.com\/wp-content\/uploads\/2021\/09\/Schermata-2021-08-12-alle-10.52.42-150x150.png 150w, https:\/\/pevermeersch.com\/wp-content\/uploads\/2021\/09\/Schermata-2021-08-12-alle-10.52.42-48x48.png 48w, https:\/\/pevermeersch.com\/wp-content\/uploads\/2021\/09\/Schermata-2021-08-12-alle-10.52.42-300x300.png 300w\" sizes=\"(max-width: 150px) 100vw, 150px\" \/><strong>LIVE PERFORMANCE<\/strong><\/p>\n<p style=\"text-align: center;\"><a class=\"fasc-button fasc-size-large fasc-type-flat fasc-rounded-medium\" style=\"background-color: #ba841f; color: #000000;\" href=\"https:\/\/www.youtube.com\/watch?v=No_mDAqv8fM\">VIDEO<\/a>&nbsp;<\/p>\n<p>&nbsp;<\/p>\n<p>&nbsp;<\/p>\n<p><img decoding=\"async\" class=\"wp-image-4880 size-thumbnail alignleft\" src=\"https:\/\/pevermeersch.com\/wp-content\/uploads\/2021\/09\/Schermata-2021-08-27-alle-22.49.51-150x150.png\" alt=\"\" width=\"150\" height=\"150\" srcset=\"https:\/\/pevermeersch.com\/wp-content\/uploads\/2021\/09\/Schermata-2021-08-27-alle-22.49.51-150x150.png 150w, https:\/\/pevermeersch.com\/wp-content\/uploads\/2021\/09\/Schermata-2021-08-27-alle-22.49.51-48x48.png 48w, https:\/\/pevermeersch.com\/wp-content\/uploads\/2021\/09\/Schermata-2021-08-27-alle-22.49.51-300x300.png 300w\" sizes=\"(max-width: 150px) 100vw, 150px\" \/><\/p>\n<p style=\"text-align: center;\"><strong>ONLINE VIDEOS<\/strong><\/p>\n<p style=\"text-align: center;\"><a class=\"fasc-button fasc-size-large fasc-type-flat fasc-rounded-medium\" style=\"background-color: #ba841f; color: #000000;\" href=\"https:\/\/pevermeersch.com\/nl\/2020\/03\/15\/ademrood-the-film\/\">VIDEOS<\/a>&nbsp;<\/p>\n<p>&nbsp;<\/p>\n<p class=\"last-child\" style=\"text-align: justify;\">ADEMROOD ONLINE VIDEOS (<strong>deel I <\/strong>en <strong>deel II<\/strong>)&nbsp;<\/p>\n<p>&nbsp;<\/p>\n<p><img decoding=\"async\" class=\"wp-image-4882 size-thumbnail alignleft\" src=\"https:\/\/pevermeersch.com\/wp-content\/uploads\/2021\/09\/IMG_6320-150x150.jpg\" alt=\"\" width=\"150\" height=\"150\" srcset=\"https:\/\/pevermeersch.com\/wp-content\/uploads\/2021\/09\/IMG_6320-150x150.jpg 150w, https:\/\/pevermeersch.com\/wp-content\/uploads\/2021\/09\/IMG_6320-48x48.jpg 48w, https:\/\/pevermeersch.com\/wp-content\/uploads\/2021\/09\/IMG_6320-300x300.jpg 300w\" sizes=\"(max-width: 150px) 100vw, 150px\" \/><\/p>\n<p style=\"text-align: center;\"><strong>INSTALLATIE &#8211; EXPO<\/strong><\/p>\n<p style=\"text-align: center;\"><a class=\"fasc-button fasc-size-large fasc-type-flat fasc-rounded-medium\" style=\"background-color: #ba841f; color: #000000;\" href=\"https:\/\/pevermeersch.com\/nl\/photos-vernissage\/\">FOTOGALLERIJ<\/a>&nbsp;<\/p>\n<p style=\"text-align: justify;\">Een &#8216;environment&#8217; om te bekijken \u00e9n te beleven, geconcipieerd door choreografe beeldend kunstenares P\u00e9 Vermeersch en kunsthistoricus Paul Vandenbroeck. Textielen van de Maghreb, dansvideo&#8217;s van P\u00e9 Vermeersch, beeldend werk van Coup-de-Foudre (Goedel Vermandere &amp; Jan Arickx), Christophe Denys, Saskja Snauwaert, Linda Vinck, Nathalie Vanheule, Tamara Van San, Bart Vandevijvere, P\u00e9 Vermeersch, badend in een soundscape van Peter Clasen. <a href=\"https:\/\/pevermeersch.com\/nl\/bio-artists\/\"><strong>BIO KUNSTENAARS<\/strong><\/a><\/p>\n<p>&nbsp;<\/p>\n<p><img loading=\"lazy\" decoding=\"async\" class=\"wp-image-4899 size-thumbnail alignleft\" src=\"https:\/\/pevermeersch.com\/wp-content\/uploads\/2021\/09\/Schermata-2021-09-21-alle-10.12.53-150x150.png\" alt=\"\" width=\"150\" height=\"150\" srcset=\"https:\/\/pevermeersch.com\/wp-content\/uploads\/2021\/09\/Schermata-2021-09-21-alle-10.12.53-150x150.png 150w, https:\/\/pevermeersch.com\/wp-content\/uploads\/2021\/09\/Schermata-2021-09-21-alle-10.12.53-48x48.png 48w, https:\/\/pevermeersch.com\/wp-content\/uploads\/2021\/09\/Schermata-2021-09-21-alle-10.12.53-300x300.png 300w\" sizes=\"(max-width: 150px) 100vw, 150px\" \/><\/p>\n<p style=\"text-align: center;\"><strong>PERS<\/strong><\/p>\n<p style=\"text-align: center;\"><a class=\"fasc-button fasc-size-large fasc-type-flat fasc-rounded-medium\" style=\"background-color: #ba841f; color: #000000;\" href=\"https:\/\/pevermeersch.com\/nl\/press-ademrood\/\">LEES MEER<\/a>&nbsp;<\/p>\n<p>&nbsp;<\/p>\n<p style=\"text-align: center;\">&nbsp;<\/p>\n<p style=\"text-align: center;\"><a class=\"fasc-button fasc-size-large fasc-type-flat fasc-rounded-medium ico-fa fasc-ico-before fa-instagram fasc-style-bold\" style=\"background-color: #ba841f; color: #000000;\" href=\"https:\/\/www.instagram.com\/salonradical\/\">INSTAGRAM<\/a>&nbsp;<\/p>\n<p>&nbsp;<\/p>\n<p><img loading=\"lazy\" decoding=\"async\" class=\"aligncenter wp-image-4877\" src=\"https:\/\/pevermeersch.com\/wp-content\/uploads\/2021\/03\/thumbnail-2-241x300.jpeg\" alt=\"\" width=\"40\" height=\"50\" srcset=\"https:\/\/pevermeersch.com\/wp-content\/uploads\/2021\/03\/thumbnail-2-241x300.jpeg 241w, https:\/\/pevermeersch.com\/wp-content\/uploads\/2021\/03\/thumbnail-2-250x311.jpeg 250w, https:\/\/pevermeersch.com\/wp-content\/uploads\/2021\/03\/thumbnail-2-145x180.jpeg 145w, https:\/\/pevermeersch.com\/wp-content\/uploads\/2021\/03\/thumbnail-2.jpeg 264w\" sizes=\"(max-width: 40px) 100vw, 40px\" \/> <img loading=\"lazy\" decoding=\"async\" class=\"aligncenter wp-image-4827\" src=\"https:\/\/pevermeersch.com\/wp-content\/uploads\/2020\/03\/Vlaanderen_verbeelding-werkt-300x93.jpg\" alt=\"\" width=\"162\" height=\"50\" srcset=\"https:\/\/pevermeersch.com\/wp-content\/uploads\/2020\/03\/Vlaanderen_verbeelding-werkt-300x93.jpg 300w, https:\/\/pevermeersch.com\/wp-content\/uploads\/2020\/03\/Vlaanderen_verbeelding-werkt-250x77.jpg 250w, https:\/\/pevermeersch.com\/wp-content\/uploads\/2020\/03\/Vlaanderen_verbeelding-werkt-550x170.jpg 550w, https:\/\/pevermeersch.com\/wp-content\/uploads\/2020\/03\/Vlaanderen_verbeelding-werkt-584x180.jpg 584w, https:\/\/pevermeersch.com\/wp-content\/uploads\/2020\/03\/Vlaanderen_verbeelding-werkt.jpg 590w\" sizes=\"(max-width: 162px) 100vw, 162px\" \/><\/p>","protected":false},"excerpt":{"rendered":"<p>LIVE PERFORMANCE VIDEO&nbsp; &nbsp; &nbsp; ONLINE VIDEOS VIDEOS&nbsp; &nbsp; ADEMROOD ONLINE VIDEOS (deel I en deel II)&nbsp; &nbsp; INSTALLATIE &#8211; EXPO FOTOGALLERIJ&nbsp; Een &#8216;environment&#8217; om te bekijken \u00e9n te beleven, &hellip; <a href=\"https:\/\/pevermeersch.com\/nl\/ademrood-rouge-respirant-red-oxygen\/\" class=\"more-link\">Lees verder <span class=\"screen-reader-text\">Ademrood\/rouge respirant\/red oxygen (2020)<\/span> <span class=\"meta-nav\">&rarr;<\/span><\/a><\/p>\n","protected":false},"author":3,"featured_media":4880,"parent":0,"menu_order":0,"comment_status":"closed","ping_status":"closed","template":"","meta":{"ngg_post_thumbnail":0,"footnotes":""},"class_list":["post-4087","page","type-page","status-publish","has-post-thumbnail","hentry"],"_links":{"self":[{"href":"https:\/\/pevermeersch.com\/nl\/wp-json\/wp\/v2\/pages\/4087","targetHints":{"allow":["GET"]}}],"collection":[{"href":"https:\/\/pevermeersch.com\/nl\/wp-json\/wp\/v2\/pages"}],"about":[{"href":"https:\/\/pevermeersch.com\/nl\/wp-json\/wp\/v2\/types\/page"}],"author":[{"embeddable":true,"href":"https:\/\/pevermeersch.com\/nl\/wp-json\/wp\/v2\/users\/3"}],"replies":[{"embeddable":true,"href":"https:\/\/pevermeersch.com\/nl\/wp-json\/wp\/v2\/comments?post=4087"}],"version-history":[{"count":0,"href":"https:\/\/pevermeersch.com\/nl\/wp-json\/wp\/v2\/pages\/4087\/revisions"}],"wp:featuredmedia":[{"embeddable":true,"href":"https:\/\/pevermeersch.com\/nl\/wp-json\/wp\/v2\/media\/4880"}],"wp:attachment":[{"href":"https:\/\/pevermeersch.com\/nl\/wp-json\/wp\/v2\/media?parent=4087"}],"curies":[{"name":"wp","href":"https:\/\/api.w.org\/{rel}","templated":true}]}}