{"id":3612,"date":"2019-01-31T13:22:22","date_gmt":"2019-01-31T13:22:22","guid":{"rendered":"https:\/\/pevermeersch.com\/?page_id=3612"},"modified":"2025-02-04T20:44:22","modified_gmt":"2025-02-04T20:44:22","slug":"intro-visual-art","status":"publish","type":"page","link":"https:\/\/pevermeersch.com\/nl\/intro-visual-art\/","title":{"rendered":"BEELDEND WERK"},"content":{"rendered":"<p><\/p>\n<p style=\"text-align: justify;\"><em><strong><span style=\"color: #d18813;\">\u2018Mijn oog wordt mijn oor,<\/span><\/strong><strong><span style=\"color: #d18813;\">mijn oor mijn neus, mijn neus mijn mond.<\/span><\/strong><strong><span style=\"color: #d18813;\">Mijn geest is heel en mijn lichaam lost op.<\/span><\/strong><strong><span style=\"color: #d18813;\">Gebeente en vlees smelten\u2026<\/span><\/strong><strong><span style=\"color: #d18813;\">Ik word weggeblazen, oost en west\u2026<\/span><\/strong><strong><span style=\"color: #d18813;\">Berijdt de wind mij of ik de wind ?\u2019 (Lieh Tzu)<\/span><\/strong><\/em><\/p>\n<p style=\"text-align: justify;\">Paul Vandenbroeck :<\/p>\n<p style=\"text-align: justify;\">fragment uit &#8216; &nbsp;over de wijsheid van het lichaam &#8216; &nbsp; gepubliceerd in &#8230;<\/p>\n<p style=\"text-align: justify;\">Het grafisch werk van P\u00e9 Vermeersch is uniek : een danseres (met een parcours dat zelf uniek is) die kan afdalen of inzinken in het gelaagde lichaam om uit deze zones vorm en zin te laten ontstaan, die het lichaam als het ware transparant kan laten worden, een danseres die niet alleen werkt met de diepten van het lichaam maar ook met de contouren en omringende ruimte, die vanuit een uitgesproken luciditeit in staat is deze lichaamsenergetica in haar razendsnelle verglijdingen visueel vast te leggen \u2013 en dit op een artistiek krachtige wijze. Het gaat om het ervaren lichaam, een taktiel aura dat nooit een realistisch vatbaar beeld is, maar een buitenzintuiglijke gewaarwording.<\/p>\n<p style=\"text-align: justify;\">&nbsp;<\/p>\n<p style=\"text-align: justify;\">Tijdens het groeiproces van Blondes\u2026 ontstond een lange reeks lijntekeningen. Meestal roepen ze het beeld van een danseres op, soms ook van wezens waarvan het niet duidelijk is tot welke orde ze behoren. Danseres en wezens ( ook het onderscheid is niet steeds merkbaar) bewegen. Hun lichaam kan uiteenlopende vormen aannemen ; het deint uit, verdicht zich, metamorfoseert zich doorlopend. Deze veelvormigheid is geen spel omwille van de vorm. De gedaantes zijn de grafische neerslag \u2013 zeer snel, vaak in \u00e9\u00e9n enkele lijn \u2013 van de pyschocorporele energie van een voorbij-ijlende fractie van dans \u00e9n van de ervaring daarvan. De tekeningen roepen momentgebonden zijnstoestanden op. Er is geen verloop ertussen. Het tekenen kan net als het dansen als een zijnstoestand eeuwig doorgaan.<\/p>\n<p style=\"text-align: justify;\">Hier krijgt wat dans is visueel gestalte van binnenuit, niet door een kunstenaar die een dansend lichaam waarneemt en weergeeft, maar een dansend lichaam dat tevens de gave bezit zichzelf te \u2018vertalen\u2019 op beeldend vlak. Wellicht zijn de tekeningen moeilijk apprecieerbaar binnen de Westerse artistieke sfeer : ze zijn \u2018kaal\u2019, herleid tot de essentie van hetgeen de kunstenares verbeelden wil. Ze lopen eerder parallel aan de Oosterse zen-calligrafie of het penseelwerk uit die traditie ; deze zoeken niet de gemakkelijk-formele representatie-esthetiek maar het capteren van een wezens-energie die vluchtig en intens is: de intensiteit van de volle aanwezigheid, eveneens eigen aan de geest van de butoh. De schoonheid ligt in dit haast-onmogelijke grijpen van het ongrijpbare, zoals een eens getraceerde dansbeweging even voorbijgaand als onherroepelijk is. Wanneer de danser een uiterste graad van ontvankelijkheid voor deze energie\u00ebn verenigt met een technisch \u2018voorbereid\u2019 lichaam, zal deze beweging het sublieme kunnen benaderen.<\/p>\n<p style=\"text-align: justify;\">Recent is P\u00e9 deze energetica ook picturaal gaan benaderen. Deze schilderijen ontstaan doorheen verschillende momenten, wachtend op iets dat onzeker en onvoorspelbaar is. Zoals in haar dans, vermijdt P\u00e9 alles wat naar pathos zweemt : het koloriet is uiterst sober; voor haar is kleur te rusteloos en te \u2018gemakkelijk\u2019. Zoals in haar dans ook, bezweren de schilderijen een veelvormige energie vanuit de gelaagdheid van de innerlijke weefsels; het wit of het zwart zijn hier niet de niet-kleur van de dood, maar de slotsom van het prisma, van de kleuren van de veeltallige lagen van het diepe organisme. Een aantal van deze werken zijn analoog aan de tekeningen: licht, wit (en soms wat roze), etherisch, maar tegelijk scherp, subtiel, flitsend. Andere schilderijen zijn even verdroomd, maar niet uitsluitend op het menselijke of wezenslichaam gericht: ze onthullen energetische structuren waarvan het lichaam er maar \u00e9\u00e9n is. In die zin zijn ze complexer; het wezenslichaam interageert met lichamen die geen lichamen zijn en met energie\u00ebn van onbekende aard en herkomst, die door een uiterste sensibiliteit ervaren worden. Namen hiervoor bezitten we niet.<\/p>\n<p style=\"text-align: justify;\">&nbsp;<\/p>\n<p style=\"text-align: justify;\">\u2018Mijn oog wordt mijn oor,<\/p>\n<p style=\"text-align: justify;\">mijn oor mijn neus, mijn neus mijn mond.<\/p>\n<p style=\"text-align: justify;\">Mijn geest is heel en mijn lichaam lost op.<\/p>\n<p style=\"text-align: justify;\">Gebeente en vlees smelten\u2026<\/p>\n<p style=\"text-align: justify;\">Ik word weggeblazen, oost en west\u2026<\/p>\n<p style=\"text-align: justify;\">Berijdt de wind mij of ik de wind ?\u2019 (Lieh Tzu)<\/p>\n<p style=\"text-align: justify;\">&nbsp;<\/p>\n<p style=\"text-align: justify;\">P\u00e9\u2019s beeldend werk opent zich voor een onophoudelijke metamorfose, zoals zij zichzelf in een dans, al duurt deze uren, nooit herhaalt. \u2018Herhaling is de dood\u2019 (Vaslaw Nijinski). Maar het nieuwe omwille van het nieuwe zoeken is even steriel. P\u00e9\u2019s werk glijdt voort uit de onvoorwaardelijke overgave aan het steeds onnavolgbare ogenblik, altijd vervloeiend. Het is even noodwendig als vrij.<\/p>\n<p style=\"text-align: justify;\">&nbsp;<\/p>\n<p style=\"text-align: justify;\">\u2018Zelfs waar geen plaats is, daar treedt binnen hetgeen zonder substantie is\u2018 (Tao te ching, 43)<\/p>\n<p style=\"text-align: justify;\">&nbsp;<\/p>\n<p style=\"text-align: justify;\">Het haast eindeloze \u2018naar boven halen\u2019 van \u2018vormen\u2019 in PV\u2019s dans ligt voorbij de stijlen (en zal misschien zelf een stijl genereren). Waarom zijn deze gestalten zozeer met zingevend affekt geladen?<\/p>\n<p style=\"text-align: justify;\">Een esthetica \u2018voorbij de stijlen\u2019. Daarom moet de kunstenares, via een inzinking in de gelaagdheid van het lichaam, terugkeren tot de basismechanismen van de stijlwording en de betekenisschepping (signifiance). Dit proc\u00e9d\u00e9 is eigen aan bv. butoh, en op buiten-artistiek vlak aan Zen, bepaalde Oosterse martiale kunsten, en de mystieke tradities in Oost en West.<\/p>\n<p><\/p>","protected":false},"excerpt":{"rendered":"<p>\u2018Mijn oog wordt mijn oor,mijn oor mijn neus, mijn neus mijn mond.Mijn geest is heel en mijn lichaam lost op.Gebeente en vlees smelten\u2026Ik word weggeblazen, oost en west\u2026Berijdt de wind &hellip; <a href=\"https:\/\/pevermeersch.com\/nl\/intro-visual-art\/\" class=\"more-link\">Lees verder <span class=\"screen-reader-text\">BEELDEND WERK<\/span> <span class=\"meta-nav\">&rarr;<\/span><\/a><\/p>\n","protected":false},"author":3,"featured_media":0,"parent":0,"menu_order":0,"comment_status":"closed","ping_status":"closed","template":"","meta":{"ngg_post_thumbnail":0,"footnotes":""},"class_list":["post-3612","page","type-page","status-publish","hentry"],"_links":{"self":[{"href":"https:\/\/pevermeersch.com\/nl\/wp-json\/wp\/v2\/pages\/3612","targetHints":{"allow":["GET"]}}],"collection":[{"href":"https:\/\/pevermeersch.com\/nl\/wp-json\/wp\/v2\/pages"}],"about":[{"href":"https:\/\/pevermeersch.com\/nl\/wp-json\/wp\/v2\/types\/page"}],"author":[{"embeddable":true,"href":"https:\/\/pevermeersch.com\/nl\/wp-json\/wp\/v2\/users\/3"}],"replies":[{"embeddable":true,"href":"https:\/\/pevermeersch.com\/nl\/wp-json\/wp\/v2\/comments?post=3612"}],"version-history":[{"count":1,"href":"https:\/\/pevermeersch.com\/nl\/wp-json\/wp\/v2\/pages\/3612\/revisions"}],"predecessor-version":[{"id":5875,"href":"https:\/\/pevermeersch.com\/nl\/wp-json\/wp\/v2\/pages\/3612\/revisions\/5875"}],"wp:attachment":[{"href":"https:\/\/pevermeersch.com\/nl\/wp-json\/wp\/v2\/media?parent=3612"}],"curies":[{"name":"wp","href":"https:\/\/api.w.org\/{rel}","templated":true}]}}