{"id":3309,"date":"2016-11-25T18:27:58","date_gmt":"2016-11-25T17:27:58","guid":{"rendered":"https:\/\/octopuls.com\/wordpress\/pevermeersch\/?page_id=1988"},"modified":"2024-12-17T13:52:05","modified_gmt":"2024-12-17T13:52:05","slug":"manifest","status":"publish","type":"page","link":"https:\/\/pevermeersch.com\/nl\/","title":{"rendered":"een weefsel van traditionele motieven, experi\u00ebnti\u00eble dans, radicale kunst \u00e9n therapie"},"content":{"rendered":"<p>WELKOM.&nbsp; HIER KUNT U HET WERK VAN P\u00c9 VERMEERSCH en dansers gelieerd aan RADICAL HEARTS cie ontdekken .<\/p>\n<div class=\"wc-gallery\"><div class='wcflexslider-container wc-gallery-bottomspace-default wc-gallery-clear'><div id='gallery-1' class='gallery wc-gallery-captions-onhover gallery-link-none wcflexslider wcsliderauto' data-gutter-width='5' data-columns='3' data-hide-controls='false'><ul class='slides'>\n\t\t\t\t<li class='gallery-item gallery-item-position-1 gallery-item-attachment-2179 wcflex-slide-item'>\n\t\t\t\t\t<div class='gallery-icon portrait'>\n\t\t\t\t\t\t<img src='https:\/\/pevermeersch.com\/wp-content\/uploads\/2017\/05\/ENCOUNTERS-P\u00e9-Vermeersch-c-Mike-Van-Cleven-683x1024.jpg' width='474' height='711' alt='' \/>\n\t\t\t\t\t<\/div><\/li>\n\t\t\t\t<li class='gallery-item gallery-item-position-2 gallery-item-attachment-2379 wcflex-slide-item'>\n\t\t\t\t\t<div class='gallery-icon landscape'>\n\t\t\t\t\t\t<img src='https:\/\/pevermeersch.com\/wp-content\/uploads\/2017\/06\/kostuum-1-1024x745.jpg' width='474' height='345' alt='' \/>\n\t\t\t\t\t<\/div><\/li>\n\t\t\t\t<li class='gallery-item gallery-item-position-3 gallery-item-attachment-1989 wcflex-slide-item'>\n\t\t\t\t\t<div class='gallery-icon portrait'>\n\t\t\t\t\t\t<img src='https:\/\/pevermeersch.com\/wp-content\/uploads\/2016\/11\/foto-marc-hoflack-1012x1024.jpg' width='474' height='480' alt='' \/>\n\t\t\t\t\t<\/div><\/li>\n\t\t\t\t<li class='gallery-item gallery-item-position-4 gallery-item-attachment-2405 wcflex-slide-item'>\n\t\t\t\t\t<div class='gallery-icon landscape'>\n\t\t\t\t\t\t<img src='https:\/\/pevermeersch.com\/wp-content\/uploads\/2016\/11\/Wat-weeft-in-mij-_24101-1024x436.jpg' width='474' height='202' alt='' \/>\n\t\t\t\t\t<\/div><\/li>\n\t\t\t\t<li class='gallery-item gallery-item-position-5 gallery-item-attachment-2743 wcflex-slide-item'>\n\t\t\t\t\t<div class='gallery-icon landscape'>\n\t\t\t\t\t\t<img src='https:\/\/pevermeersch.com\/wp-content\/uploads\/2016\/10\/IMG_0503-1024x683.jpg' width='474' height='316' alt='' \/>\n\t\t\t\t\t<\/div><\/li>\n\t\t\t\t<li class='gallery-item gallery-item-position-6 gallery-item-attachment-2516 wcflex-slide-item'>\n\t\t\t\t\t<div class='gallery-icon landscape'>\n\t\t\t\t\t\t<img src='https:\/\/pevermeersch.com\/wp-content\/uploads\/2013\/03\/blondes-have-no-soul-flash-2012-1-1024x576.jpeg' width='474' height='267' alt='' \/>\n\t\t\t\t\t<\/div><\/li>\n\t\t\t\t<li class='gallery-item gallery-item-position-7 gallery-item-attachment-3489 wcflex-slide-item'>\n\t\t\t\t\t<div class='gallery-icon landscape'>\n\t\t\t\t\t\t<img src='https:\/\/pevermeersch.com\/wp-content\/uploads\/2019\/01\/S7B9905-1024x683.jpg' width='474' height='316' alt='' \/>\n\t\t\t\t\t<\/div><\/li>\n\t\t\t\t<li class='gallery-item gallery-item-position-8 gallery-item-attachment-2542 wcflex-slide-item'>\n\t\t\t\t\t<div class='gallery-icon portrait'>\n\t\t\t\t\t\t<img src='https:\/\/pevermeersch.com\/wp-content\/uploads\/2018\/01\/DSC_0032-685x1024.jpg' width='474' height='709' alt='' \/>\n\t\t\t\t\t<\/div><\/li>\n\t\t\t\t<li class='gallery-item gallery-item-position-9 gallery-item-attachment-2670 wcflex-slide-item'>\n\t\t\t\t\t<div class='gallery-icon landscape'>\n\t\t\t\t\t\t<img src='https:\/\/pevermeersch.com\/wp-content\/uploads\/2018\/02\/IMG_6233-1024x635.jpg' width='474' height='294' alt='' \/>\n\t\t\t\t\t<\/div><\/li>\n\t\t\t\t<li class='gallery-item gallery-item-position-10 gallery-item-attachment-2380 wcflex-slide-item'>\n\t\t\t\t\t<div class='gallery-icon landscape'>\n\t\t\t\t\t\t<img src='https:\/\/pevermeersch.com\/wp-content\/uploads\/2017\/06\/thumbnail__MG_9164.jpg' width='375' height='250' alt='' \/>\n\t\t\t\t\t<\/div><\/li>\n\t\t\t\t<li class='gallery-item gallery-item-position-11 gallery-item-attachment-2561 wcflex-slide-item'>\n\t\t\t\t\t<div class='gallery-icon landscape'>\n\t\t\t\t\t\t<img src='https:\/\/pevermeersch.com\/wp-content\/uploads\/2013\/03\/Oliver-Messiaen-LA-CHOUETTE-HULOTTE.jpeg' width='474' height='356' alt='' \/>\n\t\t\t\t\t<\/div><\/li>\n\t\t\t\t<li class='gallery-item gallery-item-position-12 gallery-item-attachment-2386 wcflex-slide-item'>\n\t\t\t\t\t<div class='gallery-icon landscape'>\n\t\t\t\t\t\t<img src='https:\/\/pevermeersch.com\/wp-content\/uploads\/2017\/06\/DSC_6262-1024x678.jpg' width='474' height='314' alt='' \/>\n\t\t\t\t\t<\/div><\/li>\n\t\t\t\t<li class='gallery-item gallery-item-position-13 gallery-item-attachment-2375 wcflex-slide-item'>\n\t\t\t\t\t<div class='gallery-icon portrait'>\n\t\t\t\t\t\t<img src='https:\/\/pevermeersch.com\/wp-content\/uploads\/2017\/06\/LDC_5293-880x1024.jpg' width='474' height='552' alt='' \/>\n\t\t\t\t\t<\/div><\/li>\n\t\t\t\t<li class='gallery-item gallery-item-position-14 gallery-item-attachment-2383 wcflex-slide-item'>\n\t\t\t\t\t<div class='gallery-icon portrait'>\n\t\t\t\t\t\t<img src='https:\/\/pevermeersch.com\/wp-content\/uploads\/2017\/06\/DSC_1020-683x1024.jpg' width='474' height='711' alt='' \/>\n\t\t\t\t\t<\/div><\/li>\n\t\t\t\t<li class='gallery-item gallery-item-position-15 gallery-item-attachment-2385 wcflex-slide-item'>\n\t\t\t\t\t<div class='gallery-icon portrait'>\n\t\t\t\t\t\t<img src='https:\/\/pevermeersch.com\/wp-content\/uploads\/2017\/06\/DSC_1336-683x1024.jpg' width='474' height='711' alt='' \/>\n\t\t\t\t\t<\/div><\/li><\/ul><\/div>\n<\/div>\n<\/div>\n<p>&nbsp;<\/p>","protected":false},"excerpt":{"rendered":"<p>WELKOM.&nbsp; HIER KUNT U HET WERK VAN P\u00c9 VERMEERSCH en dansers gelieerd aan RADICAL HEARTS cie ontdekken . &nbsp;<\/p>\n","protected":false},"author":1,"featured_media":0,"parent":0,"menu_order":0,"comment_status":"closed","ping_status":"closed","template":"page-templates\/full-width.php","meta":{"ngg_post_thumbnail":0,"footnotes":""},"class_list":["post-3309","page","type-page","status-publish","hentry"],"_links":{"self":[{"href":"https:\/\/pevermeersch.com\/nl\/wp-json\/wp\/v2\/pages\/3309","targetHints":{"allow":["GET"]}}],"collection":[{"href":"https:\/\/pevermeersch.com\/nl\/wp-json\/wp\/v2\/pages"}],"about":[{"href":"https:\/\/pevermeersch.com\/nl\/wp-json\/wp\/v2\/types\/page"}],"author":[{"embeddable":true,"href":"https:\/\/pevermeersch.com\/nl\/wp-json\/wp\/v2\/users\/1"}],"replies":[{"embeddable":true,"href":"https:\/\/pevermeersch.com\/nl\/wp-json\/wp\/v2\/comments?post=3309"}],"version-history":[{"count":6,"href":"https:\/\/pevermeersch.com\/nl\/wp-json\/wp\/v2\/pages\/3309\/revisions"}],"predecessor-version":[{"id":5785,"href":"https:\/\/pevermeersch.com\/nl\/wp-json\/wp\/v2\/pages\/3309\/revisions\/5785"}],"wp:attachment":[{"href":"https:\/\/pevermeersch.com\/nl\/wp-json\/wp\/v2\/media?parent=3309"}],"curies":[{"name":"wp","href":"https:\/\/api.w.org\/{rel}","templated":true}]}}