{"id":2223,"date":"2017-06-15T00:56:22","date_gmt":"2017-06-14T22:56:22","guid":{"rendered":"https:\/\/octopuls.com\/wordpress\/pevermeersch\/?page_id=2223"},"modified":"2025-10-22T09:04:23","modified_gmt":"2025-10-22T09:04:23","slug":"press","status":"publish","type":"page","link":"https:\/\/pevermeersch.com\/nl\/press\/","title":{"rendered":"PERS"},"content":{"rendered":"<p><strong>FOR MATA, WITH LOVE!<\/strong><\/p>\n<ul>\n<li>\n<p class=\"p1\"><a href=\"https:\/\/pevermeersch.com\/wp-content\/uploads\/2025\/10\/Mata_article.jpg\">P\u00e9 Vermeersch en Angela Babuin eren icoon Mata Hari<\/a>, KW Kortrijk, 16\/10\/2025<\/p>\n<\/li>\n<\/ul>\n<p>&nbsp;<\/p>\n<p><strong>SALON RADICAL<\/strong><\/p>\n<ul>\n<li><a href=\"https:\/\/pevermeersch.com\/wp-content\/uploads\/2021\/10\/BEKEGEM-VERGUNNING.jpeg\">Expo Desertscapes opent Salon Radical<\/a>, Bekegem Vergunning, March 2019<\/li>\n<li><a href=\"https:\/\/pevermeersch.com\/wp-content\/uploads\/2021\/10\/PRINT-Salon-radical.jpg\">Unieke expositie brengt textiel en woestijn samen<\/a><\/li>\n<\/ul>\n<p>&nbsp;<\/p>\n<p><strong>ADEMROOD<\/strong><\/p>\n<ul>\n<li><a href=\"https:\/\/pevermeersch.com\/press-ademrood\/\">Pers pagina<\/a><\/li>\n<\/ul>\n<p>&nbsp;<\/p>\n<p><strong>ONTMOETINGEN \/&nbsp;ENCOUNTERS<\/strong><\/p>\n<ul>\n<li><a href=\"https:\/\/pevermeersch.com\/wp-content\/uploads\/2017\/08\/H192FeatBlazek.pdf\"><span style=\"color: #008000;\">Beyond a cabinet of curiosity<\/span><\/a>, HALI (London), n\u00b0 192, 2017<\/li>\n<li><a href=\"https:\/\/pevermeersch.com\/wp-content\/uploads\/2017\/06\/Encounters.100expo.Niet-zonder-risico.2017-06.pdf\" target=\"_blank\" rel=\"noopener\">Niet zonder risico<\/a>, 100% Expo, 06-2017<\/li>\n<li><a href=\"https:\/\/pevermeersch.com\/wp-content\/uploads\/2017\/06\/Encounters.HART-171.Heel-feel-liefde-in-het-MAS.jpg\" target=\"_blank\" rel=\"noopener\">Heel veel liefde in het MAS<\/a>, H-ART no 171, 15-06-2017<\/li>\n<li><a href=\"https:\/\/pevermeersch.com\/wp-content\/uploads\/2017\/06\/Encounters.La-Libre-Belgique.Le-trio-art-danse-\u00e9motion.2017-06-12.pdf\">Le trio art-danse-\u00e9motion au MAS \u00e0 Anvers,<\/a>&nbsp;La Libre Belgique, 12-06-2017<\/li>\n<li><a href=\"http:\/\/deredactie.be\/cm\/vrtnieuws\/videozone\/nieuws\/cultuurenmedia\/1.2999598#\" target=\"_blank\" rel=\"noopener noreferrer\">Dansers brengen bezoekers dichter bij de werken in het MAS<\/a>, VRT (Vlaamse Radio- en Televisieomroeporganisatie), 09-06-2017 &nbsp;|| &nbsp;VIDEO<\/li>\n<li><a href=\"https:\/\/pevermeersch.com\/wp-content\/uploads\/2017\/06\/Encounters.Knack-Artroze.2017-06-07.pdf\">Artroze,<\/a>&nbsp;Knack, 07-06-2017<\/li>\n<li><a href=\"https:\/\/pevermeersch.com\/wp-content\/uploads\/2017\/06\/Encounters.DS_.Kunst-kijken-met-het-lichaam.2017-06-01.pdf\">Kunst kijken met het lichaam,<\/a>&nbsp;De Standaard,&nbsp;01-06-2017<\/li>\n<li><a href=\"https:\/\/atv.be\/nieuws\/video-dansers-zorgen-voor-totaalervaring-in-het-mas-44580\" target=\"_blank\" rel=\"noopener noreferrer\">Dansers zorgen voor totaalervaring in het MAS<\/a>,&nbsp;ATV (Antwerpse televisie),&nbsp;19-05-2017 &nbsp;|| &nbsp;VIDEO<\/li>\n<li><a href=\"https:\/\/pevermeersch.com\/wp-content\/uploads\/2017\/06\/Encounters.HLNAntwerpen.Dansers-zorgen-voor-totaalervaring-in-MAS.2017-05-19.pdf\">Dansers zorgen voor totaalervaring in MAS,<\/a>&nbsp;Het Laatste Nieuws (Antwerpen), 19-05-2017<\/li>\n<li><a href=\"https:\/\/pevermeersch.com\/wp-content\/uploads\/2017\/06\/Encounters.AgendaGVA.Kijken-met-je-lichaam.2017-05-19.pdf\" target=\"_blank\" rel=\"noopener noreferrer\">Kijken met je lichaam,<\/a>&nbsp;Gazet van Antwerpen, 19-05-2017<\/li>\n<li><a href=\"https:\/\/pevermeersch.com\/wp-content\/uploads\/2017\/06\/Encounters.ZaalZ20.2017-03.pdf\">Intimiteit zonder woorden,<\/a> Zaal Z&nbsp; (KMSKAntwerpen), n\u00b0 20, maart 2017<\/li>\n<\/ul>\n<p>&nbsp;<\/p>\n<p><strong>BLONDES HAVE NO SOUL<\/strong><\/p>\n<p>1. [Jean-Gabriel NANCEY, Effet d\u2019art : nudit\u00e9, enfin !, in Danse. European dance news (Paris), n\u00b0 270, 2012, p. 55].<\/p>\n<p>\u2018Blondes have no soul was put on the stage of L\u2019Avant-Seine, Th\u00e9\u00e2tre de Colombes, Paris, on the 22th of november 2011. It is a complete solo performance, choreographed and interpreted by P\u00e9 Vermeersch. She holds a MA in philosophy, she is a singer and a visual artist. After having worked in Japan and India she founded her own company.<\/p>\n<p>It is a fetching creation in which body and spirit are one, wherein the body is spirit, wherein it is the spirit. Since 2001 this piece has repeatedly been brought on stage in Belgium, the Netherlands, Japan, France and Spain. Its length is of one or two hours. Floating in a universe of her own, [P\u00e9] vivifies her own purified aesthetics. In full presence [P\u00e9] evokes the spiritual, the absolute, the supernatural ; unlimitedly she shares her approach of the sacred [with the public].<\/p>\n<p>In dazzling licht : a woman\u2019s body with golden reflections against a white ground ; no music \u2013that would be too much\u2014 but sinking silences tore apart by surprising fulgurations; and, above all, silence, sometimes the [performer\u2019s] voice. The artist\u2019s melodic intonations lead to plenitude, to unity, to the body\u2019s simplicity. \u2018To make appear the invisible \u2026\u2019<\/p>\n<p>Nudity is not, as so often, a pretext ; neither is it an ingredient, nor a means to render e.g. force or frailty, gift or truth, attraction or despair, nor the expression thereof. [Nudity] is not linked to some moment of an act, nor to some quest of symbolism, aestheticism or realism. This nudity, ultimately, is devoid of any sign-ification, of what common sense understands by it. It is the essence of a performance that is not at all narrative and not at all intended to be purely visual, a performance which is essentially abstract. Movement and gesture are refined in a natural way, precious ; they do not belong to some contemporary vocabulary, poor and average ; convention is alien to them. One decries no repetition, no commonplace, nothing that is standard. The contemplator \u2013elevated\u2014is bathed in a sometimes tangible, sometimes immaterial humanity, sensible and pure, in a beauty that is sublime. Art\u2019s effect has replaced the senses\u2019 impact. The bet is won.<\/p>\n<p>This is a kind of spectacle, so original, creative, elegiac, multidisciplinary, so wholly different of contemporary dance and of the complete theatre history of the past centuries that another word than \u2018dance\u2019 should be invented to describe this performance, unless \u2018dance\u2019 comprises every truly living spectacle\u2019.<\/p>\n<p>2. [Ang\u00e9lica TANARRO, Tensi\u00f3n desnuda en un mundo asolado, in El Norte de Castilla, 01.02.2005]<\/p>\n<p>\u2018At dinnertime the news serves us the violence of the world, but the images do not touch us anymore. We have been vaccinated. We are the result of different submissions. The world is a place of uncertainty, where also the forces of nature are rebelling. But in a few minutes, a paradise can become hell. Entangled in enforced conflict we live in a never ending state of restlessness. Art devotes itself to this restless human creature. With different codes though, but that is its task. It is remarkable that very often the spectator finds exactly this more difficult to accept than the portions of horror brought to us by the media.<\/p>\n<p>The past year, the Belgian P\u00e9 Vermeersch showed on different locations in Spain her work Blondes have no soul. Also the public of Valladolid had \u2026 the chance to witness her creation. Let us hope it will not be the last time. Let us hope that performances like this one will give back to spaces like this [=the Patio Herreriano of Valladolid] the tension they once possessed and they should regain &#8230;<\/p>\n<p>P\u00e9 Vermeersch does not chose for big breakpoints. Her aim is somewhere else. From a space she entitles as a \u2018reflection space\u2019 she makes perceive this human being, entering in conflict to itself, to the others, in a hostile environment. And this she achieves with the tension of the nudity.<\/p>\n<p>The bodily nudity. Totally alone and totally naked she moves in a white space, demarcated in the white walled hollow space. A white adhesive tape carefully marks off the conventional \u2018stage\u2019 from the void.<\/p>\n<p>No support other than the self. No liberating music that could make this tension more bearable. No sound except for her breath, for her body hitting the dance floor, for the light slap of the coming down, for a kind of wailing chant or psalm she breaks into at a few moments \u2026 Some deafening sound flashes of a few seconds at the most, cleaving like a knife the performance\u2019s athmosphere, round out the soundscape.<\/p>\n<p>Departing from an austere and abstract aesthetics and from a realistic content Vermeersch creates a work with the beauty of the terribly human. And with its force.<\/p>\n<p>One hour of wonderful and collected beauty\u2019.<\/p>\n<p>3. [Pilar HERNANDEZ MATEO, Danza contempor\u00e1nea en el teatro y en las calles de C\u00e1diz, in Diario de C\u00e1diz, 28.10.2004].<\/p>\n<p>\u2018This is a very innovative project, very daring and radical, as the artist defines her own work. \u2018It will not leave anyone unaffected\u2019 (Antonio Castillo)\u2019.<\/p>\n<p>4. Rosal\u00eda GOMEZ, La solidez de la danza urbana, in Diario de Sevilla, 02.11.2004, p. 42].<\/p>\n<p>\u2018In the entrance hall of the Centro Andaluz de Teatro, one could admire, this sunday, someone who was a big discovery for the connoisseurs : the Belgian P\u00e9 Vermeersch with her installation\/performance Blondes have no soul.<\/p>\n<p>On a white lineoleum, descending from above like one single huge wave and finding a standstill at the feet of the spectators, P\u00e9 is dancing during two hours \u2013-the public can stay as long as they decide by themselves-\u2013 naked and unprotected, without one corner, nor moment to hide for the conscious eye of the spectator. Like a living cell the dancer pulsates, reacts to stimuli we can not perceive, seeks every moment for the most precarious balance and contradiction of powers threatening to disperse her light body : like this she creates a dance, free and independent, taking for beacon sometimes a deep chanting welling up from her bowels and contrasting with her delicate lightness or, sometimes, with a few shreds of sound or music. Patiently, many were waiting outside the gateway for them to leave the space, to take their place and to admire her art.\u2019<\/p>\n<p>5. [D\u00e9sir\u00e9e ORTEGA CERPA, Las rubias no tienen alma, in Diario de C\u00e1diz, 06.11.2004, p.61.]<\/p>\n<p>\u2018White does not exist, except as an amalgam of all the prism\u2019s colours. In the same way the Belgian artist [P\u00e9 Vermeersch] is fusing all styles, tendencies she ever learned, to let them diffuse in a universe of snow and moonlight, only contrasted by the whiteness of her skin and by her silhouette. Because P\u00e9 Vermeersch presents herself naked, alone, deprived from all artifice or eroticism, inviting the spectator to a simple contemplation of her body as a moving object, and this she does utterly consequent.<\/p>\n<p>The dancer transmits to the audience the honesty and courage of her enterprise which is being realized as an extreme research of the physical limits. She explores the space in every millimeter, being very conscious of herself, and constructing and deconstructing a choreography that reminds movements of animals and insects, the soundscore being composed by herself with the rhythm of her breathing, the sound of her body and of her own voice, when she raises a chant reminding psalms or prayers.<\/p>\n<p>Her presence on the stage is conceived either as an installation of an art work (where the public can decide by itself its position and time), or, like in C\u00e1diz, as a more traditional stage work.<\/p>\n<p>In the first possibility her work probably functions in a perfect way : in a tangential parallel, her work matches the conceptual parameters of contemporary art with its mobiles or moving sculptures. Her delight in the body\u2019s virtuosity is enriched by the results of her research and by that very soul, soul of which blondes are \u2013-according to the performance\u2019s title&#8211; deprived.\u2019<\/p>\n<p>6. [ Jos\u00e9 HENRIQUEZ, Pies desnudos, ojos abiertos. IX \u2018Em p\u00e9 de pedra\u2019 en Compostela, in Primer Acto, summer 2004.]<\/p>\n<p>\u2018A child has entered on its bicycle, with his mother, in the tremendous empty nave of the Ferreter\u00eda C.V.Otero. From time to time it glances at P\u00e9 Vermeersch, who is unfolding on a white dance floor her dance and her chants, with her tight body and bird\u2019s profile, for two evenings and during two full uninterrupted hours, in this very uncommon performance \u2018Dance for visitors\u2019 forming part of this edition [of the \u2018Em p\u00e9 de pedra\u2019 festival]. The spectators come and go at will. The construction\u2019s skylights and two strong spotlights create a wide space of pure white light and changing shadows, as the evening falls and the dancer traces her figures, alternating moments of rest with minimal gestures and movements, shapes of a mastered, ritual dance. \u2018And why she cannot fly ?\u2019 the child asks, and later, as an explanation of a short sound : \u2018a storm !\u2019. After a few minutes the child whispers to his mother : \u2018she does not wear any clothes..\u2019. Her beautiful pink body is resting on the whiteness, from the ground it raises a deep sounding psalm\u2019.<\/p>\n<p>7. [Carlos GIL, Ciudad, paisaje y movimiento. Festival Internacional de Danza para paseantes en P\u00e9 de Pedra, in Artez, nr. 8, 2004, p. 60-61.]<\/p>\n<p>\u2018The old Ferreter\u00eda next to the Gal\u00e1n Theatre was the space chosen by the Belgian Petra Vermeersch to propose to us her marvellous performance Blondes have no soul, presented as if it were an exposition.<\/p>\n<p>Here, on a white dance floor in a ramshackled warehouse, she danced in a grand manner and, seemingly improvising, non-stop during two hours. The nakedness, the full light, the strength radiating from her harmonious expression, the use of different forms of body language, the subtlety of her movements being woven into a hypnotising continuum, [all this] brought about intangible and elusive sensations and created a never ending and vast state of susceptibility. A heartwarming experience\u2026\u2019.<\/p>\n<p>&nbsp;<\/p>\n<p><strong>MAKING THE SKIES MOVE<\/strong><\/p>\n<p><a href=\"http:\/\/octopuls.com\/wordpress\/pevermeersch\/wp-content\/uploads\/2017\/06\/Entretien.-Intensit\u00e9-corporelle.-Tryptique-2011.jpg\"><img fetchpriority=\"high\" decoding=\"async\" class=\"alignnone wp-image-2342 size-large\" src=\"http:\/\/octopuls.com\/wordpress\/pevermeersch\/wp-content\/uploads\/2017\/06\/Entretien.-Intensit\u00e9-corporelle.-Tryptique-2011-664x1024.jpg\" alt=\"\" width=\"474\" height=\"731\" srcset=\"https:\/\/pevermeersch.com\/wp-content\/uploads\/2017\/06\/Entretien.-Intensit\u00e9-corporelle.-Tryptique-2011-664x1024.jpg 664w, https:\/\/pevermeersch.com\/wp-content\/uploads\/2017\/06\/Entretien.-Intensit\u00e9-corporelle.-Tryptique-2011-195x300.jpg 195w, https:\/\/pevermeersch.com\/wp-content\/uploads\/2017\/06\/Entretien.-Intensit\u00e9-corporelle.-Tryptique-2011-768x1184.jpg 768w, https:\/\/pevermeersch.com\/wp-content\/uploads\/2017\/06\/Entretien.-Intensit\u00e9-corporelle.-Tryptique-2011.jpg 1345w\" sizes=\"(max-width: 474px) 100vw, 474px\" \/><\/a><\/p>\n<p><a href=\"http:\/\/octopuls.com\/wordpress\/pevermeersch\/wp-content\/uploads\/2017\/06\/Musique-silence-mouvement.-Tryptique-2011.jpg\"><img decoding=\"async\" class=\"alignnone wp-image-2341 size-full\" src=\"http:\/\/octopuls.com\/wordpress\/pevermeersch\/wp-content\/uploads\/2017\/06\/Musique-silence-mouvement.-Tryptique-2011.jpg\" alt=\"\" width=\"1017\" height=\"1004\" srcset=\"https:\/\/pevermeersch.com\/wp-content\/uploads\/2017\/06\/Musique-silence-mouvement.-Tryptique-2011.jpg 1017w, https:\/\/pevermeersch.com\/wp-content\/uploads\/2017\/06\/Musique-silence-mouvement.-Tryptique-2011-300x296.jpg 300w, https:\/\/pevermeersch.com\/wp-content\/uploads\/2017\/06\/Musique-silence-mouvement.-Tryptique-2011-768x758.jpg 768w\" sizes=\"(max-width: 1017px) 100vw, 1017px\" \/><\/a><\/p>\n<p>&nbsp;<\/p>\n<p><strong>IT ORGANS THE BODY \/ HET ORGELT<\/strong><\/p>\n<p>[\u2018Ce n\u2019\u00e9tait pas surprenant qu\u2019on avait choisi la Cath\u00e9drale en tant que podium pour deux des autres spectacles auxquels j\u2019ai assist\u00e9 : Oostenwind (\u2018Vent d\u2019est\u2019)&#8230; et Het orgelt in mijn lijf\u2019 (n\u00e9ologisme, litt.: \u2018cela \u2018orgue\u2019 dans mon corps\u2019). Ceci \u00e9tait un solo de la danseuse P\u00e9 Vermeersch, avec, \u00e0 l\u2019orgue, Louis Robilliard. La musique \u00e9tait de C\u00e9sar Franck.<\/p>\n<p>La chor\u00e9graphie et l\u2019interpr\u00e9tation de ce solo, ininterrompu pendant 60 minutes et cr\u00e9\u00e9 pour cette occasion, \u00e9taient excellentes. C\u2019\u00e9tait fabuleux de voir comment ce solo de danse contemporaine occupait toute la nef centrale de la cath\u00e9drale, fascinant l\u2019audience de deux milles personnes de la premi\u00e8re \u00e0 la derni\u00e8re minute\u2019]<\/p>\n<p>&nbsp;<\/p>\n<p style=\"text-align: justify;\">&nbsp;<\/p>\n<p><\/p>","protected":false},"excerpt":{"rendered":"<p>FOR MATA, WITH LOVE! P\u00e9 Vermeersch en Angela Babuin eren icoon Mata Hari, KW Kortrijk, 16\/10\/2025 &nbsp; SALON RADICAL Expo Desertscapes opent Salon Radical, Bekegem Vergunning, March 2019 Unieke expositie &hellip; <a href=\"https:\/\/pevermeersch.com\/nl\/press\/\" class=\"more-link\">Lees verder <span class=\"screen-reader-text\">PERS<\/span> <span class=\"meta-nav\">&rarr;<\/span><\/a><\/p>\n","protected":false},"author":3,"featured_media":0,"parent":0,"menu_order":0,"comment_status":"closed","ping_status":"closed","template":"","meta":{"ngg_post_thumbnail":0,"footnotes":""},"class_list":["post-2223","page","type-page","status-publish","hentry"],"_links":{"self":[{"href":"https:\/\/pevermeersch.com\/nl\/wp-json\/wp\/v2\/pages\/2223","targetHints":{"allow":["GET"]}}],"collection":[{"href":"https:\/\/pevermeersch.com\/nl\/wp-json\/wp\/v2\/pages"}],"about":[{"href":"https:\/\/pevermeersch.com\/nl\/wp-json\/wp\/v2\/types\/page"}],"author":[{"embeddable":true,"href":"https:\/\/pevermeersch.com\/nl\/wp-json\/wp\/v2\/users\/3"}],"replies":[{"embeddable":true,"href":"https:\/\/pevermeersch.com\/nl\/wp-json\/wp\/v2\/comments?post=2223"}],"version-history":[{"count":1,"href":"https:\/\/pevermeersch.com\/nl\/wp-json\/wp\/v2\/pages\/2223\/revisions"}],"predecessor-version":[{"id":6049,"href":"https:\/\/pevermeersch.com\/nl\/wp-json\/wp\/v2\/pages\/2223\/revisions\/6049"}],"wp:attachment":[{"href":"https:\/\/pevermeersch.com\/nl\/wp-json\/wp\/v2\/media?parent=2223"}],"curies":[{"name":"wp","href":"https:\/\/api.w.org\/{rel}","templated":true}]}}