{"id":201,"date":"2013-03-19T16:22:07","date_gmt":"2013-03-19T15:22:07","guid":{"rendered":"http:\/\/pevermeersch.com\/?page_id=201"},"modified":"2025-02-04T20:14:41","modified_gmt":"2025-02-04T20:14:41","slug":"a-formeless-form","status":"publish","type":"page","link":"https:\/\/pevermeersch.com\/nl\/a-formeless-form\/","title":{"rendered":"A FORMELESS FORM"},"content":{"rendered":"<p><\/p>\n<p style=\"text-align: justify;\"><strong>De dansers, het levend en denkend materiaal werden voorbereid . Hun spelregels zijn innerlijke kwaliteiten en ruimtelijke patronen. Eenmaal ze samen beginnen dansen voor de ononderbroken duur van \u00e9\u00e9n uur beslissen ze , op een zo gevoelig mogelijke wijze, hoe ze de spelregels zullen toepassen. Daardoor onstaat een onvoorspelbare , moeilijk te grijpen struktuur. <\/strong><\/p>\n<p style=\"text-align: justify;\">Deze compositie is als een menselijk gevoelig en tapijt. Met een erg levendig gevoel weeft elke danser zijn viruteel spoor en doorheen de strakke spelregels is de compositie verrassend en onvoorspelbaar, maar nooit vrijblijvend en chaotisch. Hier creert ze opnieuw een zijnstoestand die kan hypnotiseren zoals ook groepsformaties in de natuur&nbsp; kunnen doen. Voortdurend ontstaan nieuwe onvoorbereidde formaties. Daaruit ontstaan tableaus, 4 portretten van \u00e9\u00e9n tapijten en \u00e9\u00e9n vrouw. Samen vormt deze compositie de video installaties van \u2018 wat weeft in mij \u2018<\/p>\n<div class=\"epyt-video-wrapper\"><iframe  id=\"_ytid_94650\"  width=\"474\" height=\"266\"  data-origwidth=\"474\" data-origheight=\"266\"  data-relstop=\"1\" src=\"https:\/\/www.youtube.com\/embed\/-6y1kf7J_mg?enablejsapi=1&#038;autoplay=0&#038;cc_load_policy=0&#038;iv_load_policy=1&#038;loop=0&#038;fs=1&#038;playsinline=0&#038;controls=1&#038;disablekb=0&#038;color=red&#038;cc_lang_pref=&#038;rel=0&#038;autohide=2&#038;theme=dark&#038;\" class=\"__youtube_prefs__  epyt-is-override  no-lazyload\" title=\"YouTube player\"  allow=\"fullscreen; accelerometer; autoplay; clipboard-write; encrypted-media; gyroscope; picture-in-picture; web-share\" referrerpolicy=\"strict-origin-when-cross-origin\" allowfullscreen data-no-lazy=\"1\" data-skipgform_ajax_framebjll=\"\"><\/iframe><\/div>\n<p>&nbsp;<\/p>\n<p><iframe title=\"a formless form dance video\" width=\"474\" height=\"356\" src=\"https:\/\/www.youtube.com\/embed\/-6y1kf7J_mg?feature=oembed\" frameborder=\"0\" allow=\"accelerometer; autoplay; clipboard-write; encrypted-media; gyroscope; picture-in-picture; web-share\" referrerpolicy=\"strict-origin-when-cross-origin\" allowfullscreen><\/iframe><\/p>\n<p style=\"text-align: justify;\"><strong>Choreografie, camera :<\/strong> P\u00e9 Vermeersch<br \/>\n<strong>Kostumes :<\/strong> Anita Evenepoel i.s.m. P\u00e9 Vermeersch<br \/>\n<strong>Muziek :<\/strong> Peter Clasen<br \/>\n<strong>Dans :<\/strong> Angela Babuin, Ir\u00e9n\u00e9e Blin, Aleesa Shirayshi, Alexandro Pablo Russo, Rebecca Rosseel, Giovanni Scarcella, Mira Walschot<\/p>\n<p><\/p>","protected":false},"excerpt":{"rendered":"<p>De dansers, het levend en denkend materiaal werden voorbereid . Hun spelregels zijn innerlijke kwaliteiten en ruimtelijke patronen. Eenmaal ze samen beginnen dansen voor de ononderbroken duur van \u00e9\u00e9n uur &hellip; <a href=\"https:\/\/pevermeersch.com\/nl\/a-formeless-form\/\" class=\"more-link\">Lees verder <span class=\"screen-reader-text\">A FORMELESS FORM<\/span> <span class=\"meta-nav\">&rarr;<\/span><\/a><\/p>\n","protected":false},"author":3,"featured_media":1860,"parent":0,"menu_order":1,"comment_status":"closed","ping_status":"open","template":"","meta":{"ngg_post_thumbnail":0,"footnotes":""},"class_list":["post-201","page","type-page","status-publish","has-post-thumbnail","hentry"],"_links":{"self":[{"href":"https:\/\/pevermeersch.com\/nl\/wp-json\/wp\/v2\/pages\/201","targetHints":{"allow":["GET"]}}],"collection":[{"href":"https:\/\/pevermeersch.com\/nl\/wp-json\/wp\/v2\/pages"}],"about":[{"href":"https:\/\/pevermeersch.com\/nl\/wp-json\/wp\/v2\/types\/page"}],"author":[{"embeddable":true,"href":"https:\/\/pevermeersch.com\/nl\/wp-json\/wp\/v2\/users\/3"}],"replies":[{"embeddable":true,"href":"https:\/\/pevermeersch.com\/nl\/wp-json\/wp\/v2\/comments?post=201"}],"version-history":[{"count":1,"href":"https:\/\/pevermeersch.com\/nl\/wp-json\/wp\/v2\/pages\/201\/revisions"}],"predecessor-version":[{"id":5874,"href":"https:\/\/pevermeersch.com\/nl\/wp-json\/wp\/v2\/pages\/201\/revisions\/5874"}],"wp:featuredmedia":[{"embeddable":true,"href":"https:\/\/pevermeersch.com\/nl\/wp-json\/wp\/v2\/media\/1860"}],"wp:attachment":[{"href":"https:\/\/pevermeersch.com\/nl\/wp-json\/wp\/v2\/media?parent=201"}],"curies":[{"name":"wp","href":"https:\/\/api.w.org\/{rel}","templated":true}]}}