{"id":1949,"date":"2016-11-25T17:08:59","date_gmt":"2016-11-25T16:08:59","guid":{"rendered":"https:\/\/octopuls.com\/wordpress\/pevermeersch\/?page_id=1949"},"modified":"2021-01-21T10:30:33","modified_gmt":"2021-01-21T10:30:33","slug":"artistiek-production-team","status":"publish","type":"page","link":"https:\/\/pevermeersch.com\/nl\/artistiek-production-team\/","title":{"rendered":"ARTISTIEK TEAM &#038; PRODUCTIE"},"content":{"rendered":"<p><\/p>\n<div><img decoding=\"async\" class=\"wp-image-734 size-thumbnail alignleft\" src=\"https:\/\/pevermeersch.com\/wp-content\/uploads\/2013\/03\/IMG_0755-150x150.jpeg\" alt=\"\" width=\"150\" height=\"150\"><\/div>\n<div>&nbsp;<\/div>\n<div><strong>Paul Vandenbroeck<\/strong><\/div>\n<div>onderzoeker<\/div>\n<div>kunsthistoricus<\/div>\n<div>antropoloog<\/div>\n<div>&nbsp;<\/div>\n<div>&nbsp;<\/div>\n<div><img decoding=\"async\" class=\"wp-image-739 size-thumbnail alignleft\" src=\"https:\/\/pevermeersch.com\/wp-content\/uploads\/2013\/03\/Untitled-2-150x150.png\" alt=\"\" width=\"150\" height=\"150\"><\/div>\n<div>&nbsp;<\/div>\n<div><strong>P\u00e9 Vermeersch<\/strong><\/div>\n<div>choreografe<\/div>\n<div>filosofe<\/div>\n<div>beeldend kunstenaar<\/div>\n<div>&nbsp;<\/div>\n<div>&nbsp;<\/div>\n<div><img decoding=\"async\" class=\"alignleft\" src=\"https:\/\/pevermeersch.com\/wp-content\/uploads\/2019\/01\/Luc-De-Preitere-150x150.jpg\" alt=\"\" width=\"150\" height=\"150\"><\/div>\n<div>&nbsp;<\/div>\n<div><a href=\"https:\/\/angelababuin.jimdofree.com\">Angela Babuin<\/a><\/div>\n<div>communication<\/div>\n<div>assistant choreographer<\/div>\n<div>dancer &nbsp;<\/div>\n<div>&nbsp;<\/div>\n<div>&nbsp;<\/div>\n<div><img loading=\"lazy\" decoding=\"async\" class=\"wp-image-824 size-thumbnail alignleft\" src=\"https:\/\/pevermeersch.com\/wp-content\/uploads\/2013\/03\/vuile-elfendans-2-150x150.jpg\" alt=\"\" width=\"150\" height=\"150\">&nbsp;<\/div>\n<div><a href=\"https:\/\/www.facebook.com\/mireya.martinez.169\">Mireilla Mart\u00ednez<\/a><\/div>\n<div>dancer<\/div>\n<div>researcher&nbsp;<\/div>\n<div>&nbsp;<\/div>\n<div>&nbsp;<\/div>\n<div>&nbsp;<\/div>\n<div>&nbsp;&nbsp;&nbsp;<img loading=\"lazy\" decoding=\"async\" class=\"wp-image-3762 size-thumbnail alignleft\" src=\"https:\/\/pevermeersch.com\/wp-content\/uploads\/2019\/05\/LDB_4776-150x150.jpg\" alt=\"\" width=\"150\" height=\"150\" srcset=\"https:\/\/pevermeersch.com\/wp-content\/uploads\/2019\/05\/LDB_4776-150x150.jpg 150w, https:\/\/pevermeersch.com\/wp-content\/uploads\/2019\/05\/LDB_4776-48x48.jpg 48w, https:\/\/pevermeersch.com\/wp-content\/uploads\/2019\/05\/LDB_4776-300x300.jpg 300w\" sizes=\"(max-width: 150px) 100vw, 150px\" \/><\/div>\n<div><a href=\"https:\/\/www.facebook.com\/mira.walschot\">Mira Walschot<\/a><\/div>\n<div>dancer<\/div>\n<div>art historian&nbsp;<\/div>\n<div>&nbsp;<\/div>\n<div>&nbsp;<\/div>\n<div>&nbsp;<\/div>\n<div>&nbsp;<\/div>\n<div><a href=\"http:\/\/www.anitaevenepoel.be\/en\">Anita Evenepoel<\/a>, &nbsp;designer<\/div>\n<div>&nbsp;<\/div>\n<div><a href=\"https:\/\/www.facebook.com\/peter.clasen\">Peter Clasen<\/a>, composer&nbsp;<\/div>\n<p>&nbsp;<\/p>\n<p><strong>Musicians related to creations:<\/strong><\/p>\n<p>Jan Vermeire, Jan Michiels, Arne Deforce, Bart Maris, Lode Vercampt, Els Biesemans, Paul De Mayer, &nbsp;Bert Jacobs, Bertel Schollaert&nbsp;<\/p>\n<p><strong>Dancers having participated to projects:<\/strong><\/p>\n<p>Ir\u00e9n\u00e9e Blin, &nbsp;H\u00e9l\u00e8ne Barrier, Ilya Krouglikov,&nbsp; Ana Llanes-Lawson, Marmer Montserrat,&nbsp; Federico Ordo\u00f1ez,&nbsp; Alejandro Pablo Russo, Rebecca Rosseel, Giovanni Scarcella, Hanne Schillemans,&nbsp; Aleesa Shiraishi,&nbsp; Naoka Uemura,&nbsp; Uiko Watanabe, Marc Planceon, H\u00e9l\u00e8ne Barrier, Hilde Broekhove, Emilie de Vlam &#8230;<\/p>\n<div><strong>&nbsp;Visual artists related to Salon Radical:<\/strong><\/div>\n<div>&nbsp;<\/div>\n<div>Christophe Denys&nbsp;<\/div>\n<div>Saskja Snauwaert<\/div>\n<div>Linda Vinck&nbsp;<\/div>\n<p>&nbsp;<\/p>","protected":false},"excerpt":{"rendered":"<p>&nbsp; Paul Vandenbroeck onderzoeker kunsthistoricus antropoloog &nbsp; &nbsp; &nbsp; P\u00e9 Vermeersch choreografe filosofe beeldend kunstenaar &nbsp; &nbsp; &nbsp; Angela Babuin communication assistant choreographer dancer &nbsp; &nbsp; &nbsp; &nbsp; Mireilla Mart\u00ednez &hellip; <a href=\"https:\/\/pevermeersch.com\/nl\/artistiek-production-team\/\" class=\"more-link\">Lees verder <span class=\"screen-reader-text\">ARTISTIEK TEAM &#038; PRODUCTIE<\/span> <span class=\"meta-nav\">&rarr;<\/span><\/a><\/p>\n","protected":false},"author":3,"featured_media":0,"parent":0,"menu_order":0,"comment_status":"closed","ping_status":"closed","template":"","meta":{"ngg_post_thumbnail":0,"footnotes":""},"class_list":["post-1949","page","type-page","status-publish","hentry"],"_links":{"self":[{"href":"https:\/\/pevermeersch.com\/nl\/wp-json\/wp\/v2\/pages\/1949","targetHints":{"allow":["GET"]}}],"collection":[{"href":"https:\/\/pevermeersch.com\/nl\/wp-json\/wp\/v2\/pages"}],"about":[{"href":"https:\/\/pevermeersch.com\/nl\/wp-json\/wp\/v2\/types\/page"}],"author":[{"embeddable":true,"href":"https:\/\/pevermeersch.com\/nl\/wp-json\/wp\/v2\/users\/3"}],"replies":[{"embeddable":true,"href":"https:\/\/pevermeersch.com\/nl\/wp-json\/wp\/v2\/comments?post=1949"}],"version-history":[{"count":0,"href":"https:\/\/pevermeersch.com\/nl\/wp-json\/wp\/v2\/pages\/1949\/revisions"}],"wp:attachment":[{"href":"https:\/\/pevermeersch.com\/nl\/wp-json\/wp\/v2\/media?parent=1949"}],"curies":[{"name":"wp","href":"https:\/\/api.w.org\/{rel}","templated":true}]}}