{"id":174,"date":"2013-03-19T16:06:12","date_gmt":"2013-03-19T15:06:12","guid":{"rendered":"http:\/\/pevermeersch.com\/?page_id=174"},"modified":"2025-02-04T20:53:05","modified_gmt":"2025-02-04T20:53:05","slug":"sensibility-walks-for-adults","status":"publish","type":"page","link":"https:\/\/pevermeersch.com\/nl\/workshops\/sensibility-walks-for-adults\/","title":{"rendered":"SENSIBILITY TRAINING"},"content":{"rendered":"<p><div class=\"wc-gallery\"><div class='wcflexslider-container wc-gallery-bottomspace-default wc-gallery-clear'><div id='gallery-1' class='gallery wc-gallery-captions-onhover gallery-link-post wcflexslider wcsliderauto' data-gutter-width='5' data-columns='3' data-hide-controls='false'><ul class='slides'>\n\t\t\t\t<li class='gallery-item gallery-item-position-1 gallery-item-attachment-4501 wcflex-slide-item'>\n\t\t\t\t\t<div class='gallery-icon landscape'>\n\t\t\t\t\t\t<a href=\"https:\/\/pevermeersch.com\/nl\/workshops\/sensibility-walks-for-adults\/dsc02854-3\/\" target=\"_self\"><img src='https:\/\/pevermeersch.com\/wp-content\/uploads\/2021\/01\/DSC02854-3.jpeg' width='1280' height='530' alt='' \/><\/a>\n\t\t\t\t\t<\/div><\/li>\n\t\t\t\t<li class='gallery-item gallery-item-position-2 gallery-item-attachment-4506 wcflex-slide-item'>\n\t\t\t\t\t<div class='gallery-icon landscape'>\n\t\t\t\t\t\t<a href=\"https:\/\/pevermeersch.com\/nl\/workshops\/sensibility-walks-for-adults\/thumbnail_banners-sinksen-drukklaar-1\/\" target=\"_self\"><img src='https:\/\/pevermeersch.com\/wp-content\/uploads\/2021\/01\/thumbnail_banners-sinksen-drukklaar-1.jpg' width='1280' height='643' alt='' \/><\/a>\n\t\t\t\t\t<\/div><\/li>\n\t\t\t\t<li class='gallery-item gallery-item-position-3 gallery-item-attachment-4500 wcflex-slide-item'>\n\t\t\t\t\t<div class='gallery-icon landscape'>\n\t\t\t\t\t\t<a href=\"https:\/\/pevermeersch.com\/nl\/workshops\/sensibility-walks-for-adults\/dsc02806\/\" target=\"_self\"><img src='https:\/\/pevermeersch.com\/wp-content\/uploads\/2021\/01\/DSC02806.jpeg' width='1280' height='852' alt='' \/><\/a>\n\t\t\t\t\t<\/div><\/li>\n\t\t\t\t<li class='gallery-item gallery-item-position-4 gallery-item-attachment-4505 wcflex-slide-item'>\n\t\t\t\t\t<div class='gallery-icon landscape'>\n\t\t\t\t\t\t<a href=\"https:\/\/pevermeersch.com\/nl\/workshops\/sensibility-walks-for-adults\/img_e6466\/\" target=\"_self\"><img src='https:\/\/pevermeersch.com\/wp-content\/uploads\/2021\/01\/IMG_E6466.jpeg' width='960' height='960' alt='' \/><\/a>\n\t\t\t\t\t<\/div><\/li>\n\t\t\t\t<li class='gallery-item gallery-item-position-5 gallery-item-attachment-4504 wcflex-slide-item'>\n\t\t\t\t\t<div class='gallery-icon portrait'>\n\t\t\t\t\t\t<a href=\"https:\/\/pevermeersch.com\/nl\/workshops\/sensibility-walks-for-adults\/img_6471\/\" target=\"_self\"><img src='https:\/\/pevermeersch.com\/wp-content\/uploads\/2021\/01\/IMG_6471.jpeg' width='960' height='1280' alt='' \/><\/a>\n\t\t\t\t\t<\/div><\/li>\n\t\t\t\t<li class='gallery-item gallery-item-position-6 gallery-item-attachment-4502 wcflex-slide-item'>\n\t\t\t\t\t<div class='gallery-icon portrait'>\n\t\t\t\t\t\t<a href=\"https:\/\/pevermeersch.com\/nl\/workshops\/sensibility-walks-for-adults\/img_3794\/\" target=\"_self\"><img src='https:\/\/pevermeersch.com\/wp-content\/uploads\/2021\/01\/IMG_3794.jpeg' width='960' height='1280' alt='' \/><\/a>\n\t\t\t\t\t<\/div><\/li><\/ul><\/div>\n<\/div>\n<\/div><\/p>\n<div class=\"wc-gallery\"><div class='wcflexslider-container wc-gallery-bottomspace-default wc-gallery-clear'><div id='gallery-2' class='gallery wc-gallery-captions-onhover gallery-link-post wcflexslider wcsliderauto' data-gutter-width='5' data-columns='6' data-hide-controls='false'><ul class='slides'>\n\t\t\t\t<li class='gallery-item gallery-item-position-1 gallery-item-attachment-337 wcflex-slide-item'>\n\t\t\t\t\t<div class='gallery-icon landscape'>\n\t\t\t\t\t\t<a href=\"https:\/\/pevermeersch.com\/nl\/2020\/10\/24\/radical_hearts\/attachment\/20488300377148368\/\" target=\"_self\"><img src='https:\/\/pevermeersch.com\/wp-content\/uploads\/2013\/03\/20488300377148368.jpg' width='747' height='500' alt='' \/><\/a>\n\t\t\t\t\t<\/div><\/li>\n\t\t\t\t<li class='gallery-item gallery-item-position-2 gallery-item-attachment-334 wcflex-slide-item'>\n\t\t\t\t\t<div class='gallery-icon landscape'>\n\t\t\t\t\t\t<a href=\"https:\/\/pevermeersch.com\/nl\/20488298366768082\/\" target=\"_self\"><img src='https:\/\/pevermeersch.com\/wp-content\/uploads\/2013\/03\/20488298366768082.jpg' width='747' height='500' alt='' \/><\/a>\n\t\t\t\t\t<\/div><\/li>\n\t\t\t\t<li class='gallery-item gallery-item-position-3 gallery-item-attachment-320 wcflex-slide-item'>\n\t\t\t\t\t<div class='gallery-icon landscape'>\n\t\t\t\t\t\t<a href=\"https:\/\/pevermeersch.com\/nl\/img_5599\/\" target=\"_self\"><img src='https:\/\/pevermeersch.com\/wp-content\/uploads\/2013\/03\/IMG_5599.jpg' width='320' height='213' alt='' \/><\/a>\n\t\t\t\t\t<\/div><\/li>\n\t\t\t\t<li class='gallery-item gallery-item-position-4 gallery-item-attachment-318 wcflex-slide-item'>\n\t\t\t\t\t<div class='gallery-icon landscape'>\n\t\t\t\t\t\t<a href=\"https:\/\/pevermeersch.com\/nl\/img_5552\/\" target=\"_self\"><img src='https:\/\/pevermeersch.com\/wp-content\/uploads\/2013\/03\/IMG_5552.jpg' width='320' height='213' alt='' \/><\/a>\n\t\t\t\t\t<\/div><\/li>\n\t\t\t\t<li class='gallery-item gallery-item-position-5 gallery-item-attachment-317 wcflex-slide-item'>\n\t\t\t\t\t<div class='gallery-icon portrait'>\n\t\t\t\t\t\t<a href=\"https:\/\/pevermeersch.com\/nl\/img_5531\/\" target=\"_self\"><img src='https:\/\/pevermeersch.com\/wp-content\/uploads\/2013\/03\/IMG_5531.jpg' width='213' height='320' alt='' \/><\/a>\n\t\t\t\t\t<\/div><\/li>\n\t\t\t\t<li class='gallery-item gallery-item-position-6 gallery-item-attachment-316 wcflex-slide-item'>\n\t\t\t\t\t<div class='gallery-icon landscape'>\n\t\t\t\t\t\t<a href=\"https:\/\/pevermeersch.com\/nl\/img_5521\/\" target=\"_self\"><img src='https:\/\/pevermeersch.com\/wp-content\/uploads\/2013\/03\/IMG_5521.jpg' width='320' height='213' alt='' \/><\/a>\n\t\t\t\t\t<\/div><\/li>\n\t\t\t\t<li class='gallery-item gallery-item-position-7 gallery-item-attachment-315 wcflex-slide-item'>\n\t\t\t\t\t<div class='gallery-icon portrait'>\n\t\t\t\t\t\t<a href=\"https:\/\/pevermeersch.com\/nl\/img_5492\/\" target=\"_self\"><img src='https:\/\/pevermeersch.com\/wp-content\/uploads\/2013\/03\/IMG_5492.jpg' width='213' height='320' alt='' \/><\/a>\n\t\t\t\t\t<\/div><\/li>\n\t\t\t\t<li class='gallery-item gallery-item-position-8 gallery-item-attachment-310 wcflex-slide-item'>\n\t\t\t\t\t<div class='gallery-icon landscape'>\n\t\t\t\t\t\t<a href=\"https:\/\/pevermeersch.com\/nl\/dsc_8188\/\" target=\"_self\"><img src='https:\/\/pevermeersch.com\/wp-content\/uploads\/2013\/03\/DSC_8188.jpg' width='640' height='500' alt='' \/><\/a>\n\t\t\t\t\t<\/div><\/li>\n\t\t\t\t<li class='gallery-item gallery-item-position-9 gallery-item-attachment-309 wcflex-slide-item'>\n\t\t\t\t\t<div class='gallery-icon landscape'>\n\t\t\t\t\t\t<a href=\"https:\/\/pevermeersch.com\/nl\/2020\/10\/24\/radical_hearts\/blind-walk-4\/\" target=\"_self\"><img src='https:\/\/pevermeersch.com\/wp-content\/uploads\/2013\/03\/blind-walk-4.jpeg' width='667' height='500' alt='' \/><\/a>\n\t\t\t\t\t<\/div><\/li><\/ul><\/div>\n<\/div>\n<\/div>\n<p style=\"text-align: justify;\"><strong><span style=\"color: #ff0000;\">17 -18 -19 &#8211; 20 &#8211; 24 &#8211; 25 -26 &#8211; 27 JUNI,&nbsp; van&nbsp; 11 tot 18 uur&nbsp;<\/span><\/strong><\/p>\n<p style=\"text-align: justify;\">Inschrijving v\u00f3\u00f3r 5 juni, na contact en overschrijving .&nbsp; E\u00e9ndaagse of meerdaagse workshop voor alle leeftijden, zowel individueel als in duo-verband (vrienden, koppels, ouder &#8211; kind, &#8230;).&nbsp; Bij meerdaagse workshops worden de duo&#8217;s ook uitgewisseld. Dit werk is de basis, de voorbereiding voor het danswerk dat we in de dansstudio verder zetten &nbsp;<\/p>\n<p style=\"text-align: justify;\"><span style=\"color: #ff0000;\"><strong>HOOFDWERK : &nbsp;GEBLINDDOEKT WERK IN DE NATUUR, SENSIBILITEITSTRAINING, WAARNEMINGSVERANDERING, EMPATHISCH LICHAAMSWERK, DANSIMPROVISATIE MET EN VOOR DE NATUUR, UITWERKEN VAN RUIMTE EN TIJD, CONCEPTEN VOOR DANS &nbsp;&nbsp;<\/strong><\/span><\/p>\n<p style=\"text-align: justify;\">plaats &nbsp;: &nbsp;een private wilde tuin in het platteland rond Brugge (meer bepaald dicht bij Jabbeke), bereikbaar met bus 52 van De Lijn (Oostende-Gistel-Brugge; Brugge-Gistel-Oostende).<\/p>\n<p style=\"text-align: justify;\">overnachting niet mogelijk<\/p>\n<p style=\"text-align: justify;\">1 persoon : &nbsp;1 dag &nbsp;\/100 &nbsp;euro &nbsp; &nbsp; &nbsp; &nbsp; &nbsp; &nbsp; &nbsp;&nbsp;3 dagen \/ 250 &nbsp;euro&nbsp; &nbsp; &nbsp; &nbsp; &nbsp; &nbsp; &nbsp; &nbsp; &nbsp; &nbsp; &nbsp; &nbsp; &nbsp; &nbsp; &nbsp; 2 personen &nbsp;: 1 dag &nbsp;\/160 euro &nbsp; &nbsp; &nbsp; &nbsp; &nbsp; &nbsp; &nbsp;3 dagen \/ 420 euro<\/p>\n<p style=\"text-align: justify;\">max. &nbsp;4 personen per dag&nbsp;<\/p>\n<p style=\"text-align: justify;\">&nbsp;<\/p>\n<p style=\"text-align: justify;\">&nbsp;<\/p>\n<div style=\"float: right; margin: 5px 20px 10px 10px; text-align: justify;\">&nbsp;<\/div>\n<p style=\"text-align: justify;\">De geblinddoekte wandelingen gebeuren afwisselend actief en passief. Het leiden wordt afgewisseld met het zich-laten-leiden. De voortdurende verschuiving tussen passiviteit en activiteit cre\u00ebert een vloeiende dynamiek. De ontvanger wordt geconfronteerd met \u2018overgave\u2019, mentale processen, nieuwe waarnemingen rond tijd en ruimte, en de ontwikkeling van een verfijnd lichaamsbewustzijn. De \u2018gever\u2019 ontwikkelt zijn\/haar verbeelding door, voor de andere, de natuur als een concrete bron te gebruiken. Hij\/zij leert ook hoe het vertrouwen van de ander te verdienen en ontdekt het belang om zowel genereus als duidelijk te zijn met en voor het lichaam van de ander(e). Door deze blindwalks vaak te herhalen ontdekt men bovendien steeds nieuwe dimensies, maar ook belangrijke bloccages en automatismen. Men leert innerlijke processen te bemeesteren zoals opwinding en rust, het belang van activiteit van de hersenen, en een mogelijke fysieke weerstand.<br \/>\nDeze <em>outdoor workshops<\/em>, zowel in de natuur als in de stad of het dorp, zijn in de eerste plaats bedoeld om tijd te geven om deze ervaringen te proeven.&nbsp;Ze zijn een onschatbare informatiebron voor de professionele performer, maar hebben eveneens een heel sterke therapeutische waarde. Het geblinddoekt werk wordt zowel uitgevoerd in de studio, in de stad, als in de natuur en wordt afgewisseld met landschapswerk.&nbsp;<\/p>\n<p><\/p>","protected":false},"excerpt":{"rendered":"<p>17 -18 -19 &#8211; 20 &#8211; 24 &#8211; 25 -26 &#8211; 27 JUNI,&nbsp; van&nbsp; 11 tot 18 uur&nbsp; Inschrijving v\u00f3\u00f3r 5 juni, na contact en overschrijving .&nbsp; E\u00e9ndaagse of meerdaagse &hellip; <a href=\"https:\/\/pevermeersch.com\/nl\/workshops\/sensibility-walks-for-adults\/\" class=\"more-link\">Lees verder <span class=\"screen-reader-text\">SENSIBILITY TRAINING<\/span> <span class=\"meta-nav\">&rarr;<\/span><\/a><\/p>\n","protected":false},"author":3,"featured_media":337,"parent":915,"menu_order":6,"comment_status":"closed","ping_status":"closed","template":"","meta":{"ngg_post_thumbnail":0,"footnotes":""},"class_list":["post-174","page","type-page","status-publish","has-post-thumbnail","hentry","has-post-video"],"_links":{"self":[{"href":"https:\/\/pevermeersch.com\/nl\/wp-json\/wp\/v2\/pages\/174","targetHints":{"allow":["GET"]}}],"collection":[{"href":"https:\/\/pevermeersch.com\/nl\/wp-json\/wp\/v2\/pages"}],"about":[{"href":"https:\/\/pevermeersch.com\/nl\/wp-json\/wp\/v2\/types\/page"}],"author":[{"embeddable":true,"href":"https:\/\/pevermeersch.com\/nl\/wp-json\/wp\/v2\/users\/3"}],"replies":[{"embeddable":true,"href":"https:\/\/pevermeersch.com\/nl\/wp-json\/wp\/v2\/comments?post=174"}],"version-history":[{"count":1,"href":"https:\/\/pevermeersch.com\/nl\/wp-json\/wp\/v2\/pages\/174\/revisions"}],"predecessor-version":[{"id":5881,"href":"https:\/\/pevermeersch.com\/nl\/wp-json\/wp\/v2\/pages\/174\/revisions\/5881"}],"up":[{"embeddable":true,"href":"https:\/\/pevermeersch.com\/nl\/wp-json\/wp\/v2\/pages\/915"}],"wp:featuredmedia":[{"embeddable":true,"href":"https:\/\/pevermeersch.com\/nl\/wp-json\/wp\/v2\/media\/337"}],"wp:attachment":[{"href":"https:\/\/pevermeersch.com\/nl\/wp-json\/wp\/v2\/media?parent=174"}],"curies":[{"name":"wp","href":"https:\/\/api.w.org\/{rel}","templated":true}]}}