{"id":173,"date":"2013-03-19T16:05:33","date_gmt":"2013-03-19T15:05:33","guid":{"rendered":"http:\/\/pevermeersch.com\/?page_id=173"},"modified":"2025-02-04T20:56:55","modified_gmt":"2025-02-04T20:56:55","slug":"experiential-dance-for-kids","status":"publish","type":"page","link":"https:\/\/pevermeersch.com\/nl\/workshops\/experiential-dance-for-kids\/","title":{"rendered":"RITMISCHE TRAINING VOOR KINDEREN 8-12"},"content":{"rendered":"<p>&nbsp;<\/p>\n<p style=\"text-align: justify;\">Ook voor kinderen is het belangrijk om dans vanuit een gevoelsmatige ervaring van het lichaam te laten ontstaan. Dit focussen op het belang van sensibiliteit in dans&nbsp; biedt een heel andere invalshoek op dans dan het aanleren van danspasjes of het uitdrukken van emoties. Met deze benadering leert het kind te vertrouwen op zintuiglijke indrukken en ervaart het zijn lichaam als wijs en kostbaar. Naast een groot lichaamsbewustzijn wordt ook een fijne motoriek ontwikkeld.&nbsp; Vooral leren de kleuters,&nbsp; kinderen&nbsp; en jongeren ook zorg voor elkaar te dragen en ontdekken ze&nbsp; kwetsbaarheid, schoonheid \u00e9n gevaar van een \u2018blinde\u2019 wereld. Er is veel aandacht voor lichaamswerk per twee of in groep,&nbsp; af en toe geblinddoekt, zodat ze leren om ook zacht en respectvol met de andere om te gaan. Eigenschappen die erg belangrijk zijn in het ontwikkelen van dans.<\/p>\n<div style=\"float: right; margin: 5px 20px 10px 10px; text-align: justify;\">&nbsp;<\/div>\n<p style=\"text-align: justify;\">De danstrainingen voor kinderen zijn in twee delen opgesplitst. Een oefen- en een dansgedeelte. Vooraleer de kinderen \u2018mogen\u2019 dansen, worden hen via een tekenverhaal ervaringsgerichte basisbeginselen voor dans aangereikt. Materialen uit de natuur zijn het speelgoed en er is een grote aandacht voor voelen en ademhaling. De geleide oefeningen vinden steeds een eindpunt in het tweede deel :&nbsp; een&nbsp; zot feest voor dans waarin de kinderen steeds nieuwe manieren om te bewegen ontdekken. Dans wordt niet tot \u00e9\u00e9n bepaalde stijl beperkt. In een rijke \u00e9n vrije bewegingstaal besteedt P\u00e9&nbsp; wel grote aandacht aan ritme en detail.<\/p>\n<p style=\"text-align: justify;\">Het tekenverhaal \u2018Velletje voel\u2019 en de methodiek ontwikkelde P\u00e9 Vermeersch voor het eerst in 2006 voor grote groepen&nbsp; kleuters voor het project KLIK \/ Lichtervelde.<\/p>\n<p style=\"text-align: justify;\">VOOR CONDITIES en DATA , check NEWS\/CALENDAR<\/p>\n<p><div class=\"wc-gallery\"><div id='gallery-1' data-gutter-width='5' data-columns='3' class='gallery wc-gallery-captions-onhover gallery-link-post gallery-masonry galleryid-173 gallery-columns-3 gallery-size-thumbnail wc-gallery-bottomspace-default wc-gallery-clear'><div class='gallery-item gallery-item-position-1 gallery-item-attachment-598'>\n\t\t\t\t<div class='gallery-icon landscape'>\n\t\t\t\t\t<a href='https:\/\/pevermeersch.com\/nl\/velletje-voel-2\/' title='velletje voel' target='_self'><img decoding=\"async\" width=\"150\" height=\"150\" src=\"https:\/\/pevermeersch.com\/wp-content\/uploads\/2013\/03\/velletje-voel-150x150.jpeg\" class=\"attachment-thumbnail size-thumbnail\" alt=\"\" \/><\/a>\n\t\t\t\t<\/div><\/div><\/div>\n<\/div><\/p>","protected":false},"excerpt":{"rendered":"<p>&nbsp; Ook voor kinderen is het belangrijk om dans vanuit een gevoelsmatige ervaring van het lichaam te laten ontstaan. Dit focussen op het belang van sensibiliteit in dans&nbsp; biedt een &hellip; <a href=\"https:\/\/pevermeersch.com\/nl\/workshops\/experiential-dance-for-kids\/\" class=\"more-link\">Lees verder <span class=\"screen-reader-text\">RITMISCHE TRAINING VOOR KINDEREN 8-12<\/span> <span class=\"meta-nav\">&rarr;<\/span><\/a><\/p>\n","protected":false},"author":3,"featured_media":1745,"parent":915,"menu_order":8,"comment_status":"closed","ping_status":"closed","template":"","meta":{"ngg_post_thumbnail":0,"footnotes":""},"class_list":["post-173","page","type-page","status-publish","has-post-thumbnail","hentry"],"_links":{"self":[{"href":"https:\/\/pevermeersch.com\/nl\/wp-json\/wp\/v2\/pages\/173","targetHints":{"allow":["GET"]}}],"collection":[{"href":"https:\/\/pevermeersch.com\/nl\/wp-json\/wp\/v2\/pages"}],"about":[{"href":"https:\/\/pevermeersch.com\/nl\/wp-json\/wp\/v2\/types\/page"}],"author":[{"embeddable":true,"href":"https:\/\/pevermeersch.com\/nl\/wp-json\/wp\/v2\/users\/3"}],"replies":[{"embeddable":true,"href":"https:\/\/pevermeersch.com\/nl\/wp-json\/wp\/v2\/comments?post=173"}],"version-history":[{"count":1,"href":"https:\/\/pevermeersch.com\/nl\/wp-json\/wp\/v2\/pages\/173\/revisions"}],"predecessor-version":[{"id":5885,"href":"https:\/\/pevermeersch.com\/nl\/wp-json\/wp\/v2\/pages\/173\/revisions\/5885"}],"up":[{"embeddable":true,"href":"https:\/\/pevermeersch.com\/nl\/wp-json\/wp\/v2\/pages\/915"}],"wp:featuredmedia":[{"embeddable":true,"href":"https:\/\/pevermeersch.com\/nl\/wp-json\/wp\/v2\/media\/1745"}],"wp:attachment":[{"href":"https:\/\/pevermeersch.com\/nl\/wp-json\/wp\/v2\/media?parent=173"}],"curies":[{"name":"wp","href":"https:\/\/api.w.org\/{rel}","templated":true}]}}