{"id":1267,"date":"2016-05-30T15:20:34","date_gmt":"2016-05-30T13:20:34","guid":{"rendered":"http:\/\/pevermeersch.com\/?page_id=1267"},"modified":"2025-02-04T19:52:09","modified_gmt":"2025-02-04T19:52:09","slug":"bodies-of-lace","status":"publish","type":"page","link":"https:\/\/pevermeersch.com\/nl\/mixed-media\/bodies-of-lace\/","title":{"rendered":"BODIES OF LACE (2015)"},"content":{"rendered":"<p>&nbsp;<\/p>\n<div class=\"wc-gallery\"><div class='wcflexslider-container wc-gallery-bottomspace-default wc-gallery-clear'><div id='gallery-1' class='gallery wc-gallery-captions-onhover gallery-link-none wcflexslider wcsliderauto' data-gutter-width='5' data-columns='3' data-hide-controls='false'><ul class='slides'>\n\t\t\t\t<li class='gallery-item gallery-item-position-1 gallery-item-attachment-2187 wcflex-slide-item'>\n\t\t\t\t\t<div class='gallery-icon landscape'>\n\t\t\t\t\t\t<img src='https:\/\/pevermeersch.com\/wp-content\/uploads\/2016\/05\/Lacing_Mira_S7B9905.jpg' width='1200' height='800' alt='' \/>\n\t\t\t\t\t<\/div><\/li>\n\t\t\t\t<li class='gallery-item gallery-item-position-2 gallery-item-attachment-1770 wcflex-slide-item'>\n\t\t\t\t\t<div class='gallery-icon landscape'>\n\t\t\t\t\t\t<img src='https:\/\/pevermeersch.com\/wp-content\/uploads\/2016\/05\/4018cdd5-5cf3-4ec2-9e3a-e52323bc36c3.jpg' width='640' height='426' alt='' \/>\n\t\t\t\t\t<\/div><\/li><\/ul><\/div>\n<\/div>\n<\/div>\n<p style=\"text-align: justify;\">\u2794 coming up on&nbsp;<strong>23.09.2017&nbsp;<\/strong>in<strong>&nbsp;<a href=\"https:\/\/goo.gl\/maps\/ZA3FDdRmKPJ2\" target=\"_blank\" rel=\"noopener noreferrer\">CC De Ververij<\/a>&nbsp;<\/strong>in&nbsp;Ronse (BE)<\/p>\n<p style=\"text-align: justify;\"><span style=\"color: #008000;\"><strong>gerealiseerd &nbsp;in samenwerking met<\/strong><\/span><\/p>\n<p style=\"text-align: justify;\"><span style=\"color: #008000;\"><strong>Kunstencentrum Belgi\u00ea Hasselt, De Werf &nbsp;Brugge, Villa Romana Firenze, Texture &nbsp;en de stad Kortrijk.<\/strong><\/span><\/p>\n<p style=\"text-align: justify;\"><strong>Bodies of Lace (\u2018lichaam van kant\u2019) is een minuscuul gebeiteld werk&nbsp;vol overgave aan detail. Een gestructureerde wirwar die zich uiteindelijk als een transparant netwerk laat lezen en voelen. Bodies of lace is een werk&nbsp;over het lichaam en zijn inslag. Punten, lijnen, snaren, draden enten zich op en wentelen zich rond lichamen. In de muziek, in het kantwerk, in de dans.<\/strong><\/p>\n<p style=\"text-align: justify;\">Bodies of lace is een perfo\/expo: een hedendaags performatief \u00e9n transcultureel gebeuren dat zich na een felle ontmoeting tussen cellist en danseres, naadloos en ragfijn ontvouwt tot een mini-tentoonstelling waarin oude Tunesische bakhnouqs en hedendaags beeldend kantwerk mekaar aftasten. Kunsthistoricus Paul Vandenbroeck put uit een uitgelezen collectie textielen en spint een web van videobeelden en betekenissen rond deze markante beeldtaal die met haar wondermooie, ragfijne structuren eveneens bron van inspiratie is voor dans en muziek.<\/p>\n<p style=\"text-align: justify;\">P\u00e9 Vermeersch onderzocht met <a href=\"http:\/\/www.radicalhearts.be\/\" target=\"_blank\" rel=\"noopener noreferrer\">Radical HeArts<\/a> al vaker hoe traditie en erfgoed uit eigen en andere culturen aan hedendaagse performance, muziekcomposities en beeldende kunst te verbinden. Na \u2018Het Orgelt\u2019 en \u2018Wat weeft in mij ?\u2019 komt nu \u2018Bodies of Lace\u2019 met de hedendaagse topcellist Arne Deforce en het erg bijzonder kantkloswerk van Saskja Snauwaert.<\/p>\n<p style=\"text-align: justify;\">Een bijzondere formule die de verschillende media op loepzuivere en dwingende wijze aftast. Dans, concert en beeldend textiel werk. Bodies of Lace, een eerste fase. Op die manier lezen we muziek en lichaam: Detail, precisie, aanslag, tijd, ritme, gebaar, patroon, herhaling, onverwachte wending, schaarste, resonantie, overvloed. Punten, lijnen, snaren, draden bepalen de dynamiek voor zowel de performance als voor de muziek en het kantkloswerk.<\/p>\n<p style=\"text-align: justify;\"><a href=\"http:\/\/www.arnedeforce.com\/\" target=\"_blank\" rel=\"noopener noreferrer\">Arne Deforce<\/a> is een cellist, gespecialiseerd in hedendaagse cellomuziek, die het lichaam van de cello haast uitperst om tot een uiterste zeggingskracht te komen. De inslag op de snaar, de resonantie van het geluid, de intensiteit en helderheid van het spel zijn meesterlijk, vol ingehouden spannning.<\/p>\n<p style=\"text-align: justify;\">P\u00e9 Vermeersch onderzoekt al jaren de fysieke sensibiliteit van bepaalde patronen en ontwikkelt daarmee een dans- en lichaamstaal die zich overlevert aan het detail. In het bijzonder voor dit werk zoekt ze naar de subtiele veranderingen binnen repetitieve structuren. De danseres boetseert op sensibele wijze verbeelding en dynamiek in haar lijf.<\/p>\n<p style=\"text-align: justify;\"><a href=\"http:\/\/www.saskjasnauwaert.be\/\" target=\"_blank\" rel=\"noopener noreferrer\">Saskja Snauwaert <\/a>maakt er \u00e9\u00e9n levenswerk van om haar ruggewervels uit te tekenen tot patronen die ze met indigo-draad op traditionele wijze tot kant klost. Het is een ongezien werk, in oude technieken maar van hedendaags belang, om aan de energetische lichaams-as op deze manier vorm te verlenen.<\/p>\n<p style=\"text-align: justify;\">Ook de Tunesische bakhnouqs zijn sterk verbonden met het lichaam, aangezien het bijna \u2018sacrale\u2019 kledingstukken zijn waarvan de as over de lichaams-as\/ruggegraat loopt. Elk weefsel is absoluut uniek en is als het ware een intiem en gecodeerd dagboek of autobiografie van de weefster. <a href=\"https:\/\/radicalheartsnl.wordpress.com\/wie-is-wie\/paul-vandenbroeck-en-pe-vermeersch\/cv-paul-vandenbroeck\/\" target=\"_blank\" rel=\"noopener noreferrer\">Paul Vandenbroeck<\/a> (KMSKA\/IMMRC-KULeuven) leidt het onderzoek rond betekenisgeving doorheen het abstracte motievenrepertorium van deze fascinerende werken.<\/p>\n<p style=\"text-align: justify;\">In een fragiel netwerk brengen we deze \u2018lichamen van kant\u2019 bij elkaar. Er zijn zowel subtiele als intense interacties tussen danseres en kantklosster, tussen kantwerkster en cellist, tussen cellist en danseres. Deze zijn zowel beeldend, performatief als geluidsmatig.<\/p>\n<p style=\"text-align: justify;\">Naadloos laten ze concert, performance en beeldende kunst als een gebeuren in elkaar overvloeien. Alsof de performance (deel I) de mini-expo (deel II) \u2018onthult\u2019.<\/p>\n<p style=\"text-align: justify;\">De voorstelling\/performance heeft de duur van ongeveer \u00e9\u00e9n uur, waarna het publiek nog ongeveer \u00e9\u00e9n uur de tijd krijgt om naar de ontvouwde werken te kijken. Daarna wordt de expo afgebroken. De mini-expo, met max. een tiental werken, is het \u2018eindgebeuren\u2019 van de performance.<\/p>\n<p style=\"text-align: justify;\"><strong>Concept en dans:<\/strong> P\u00e9 vermeersch<br \/>\n<strong>Cello:<\/strong> Arne Deforce<br \/>\n<strong>Kantkloskunst:<\/strong> Saskja Snauwaert<br \/>\n<strong>Dramaturgie&nbsp;en video:<\/strong> Paul Vandenbroeck<\/p>\n<p><\/p>","protected":false},"excerpt":{"rendered":"<p>&nbsp; \u2794 coming up on&nbsp;23.09.2017&nbsp;in&nbsp;CC De Ververij&nbsp;in&nbsp;Ronse (BE) gerealiseerd &nbsp;in samenwerking met Kunstencentrum Belgi\u00ea Hasselt, De Werf &nbsp;Brugge, Villa Romana Firenze, Texture &nbsp;en de stad Kortrijk. Bodies of Lace (\u2018lichaam &hellip; <a href=\"https:\/\/pevermeersch.com\/nl\/mixed-media\/bodies-of-lace\/\" class=\"more-link\">Lees verder <span class=\"screen-reader-text\">BODIES OF LACE (2015)<\/span> <span class=\"meta-nav\">&rarr;<\/span><\/a><\/p>\n","protected":false},"author":3,"featured_media":2557,"parent":28,"menu_order":10,"comment_status":"closed","ping_status":"closed","template":"page-templates\/full-width.php","meta":{"ngg_post_thumbnail":0,"footnotes":""},"class_list":["post-1267","page","type-page","status-publish","has-post-thumbnail","hentry","has-post-video"],"_links":{"self":[{"href":"https:\/\/pevermeersch.com\/nl\/wp-json\/wp\/v2\/pages\/1267","targetHints":{"allow":["GET"]}}],"collection":[{"href":"https:\/\/pevermeersch.com\/nl\/wp-json\/wp\/v2\/pages"}],"about":[{"href":"https:\/\/pevermeersch.com\/nl\/wp-json\/wp\/v2\/types\/page"}],"author":[{"embeddable":true,"href":"https:\/\/pevermeersch.com\/nl\/wp-json\/wp\/v2\/users\/3"}],"replies":[{"embeddable":true,"href":"https:\/\/pevermeersch.com\/nl\/wp-json\/wp\/v2\/comments?post=1267"}],"version-history":[{"count":1,"href":"https:\/\/pevermeersch.com\/nl\/wp-json\/wp\/v2\/pages\/1267\/revisions"}],"predecessor-version":[{"id":5867,"href":"https:\/\/pevermeersch.com\/nl\/wp-json\/wp\/v2\/pages\/1267\/revisions\/5867"}],"up":[{"embeddable":true,"href":"https:\/\/pevermeersch.com\/nl\/wp-json\/wp\/v2\/pages\/28"}],"wp:featuredmedia":[{"embeddable":true,"href":"https:\/\/pevermeersch.com\/nl\/wp-json\/wp\/v2\/media\/2557"}],"wp:attachment":[{"href":"https:\/\/pevermeersch.com\/nl\/wp-json\/wp\/v2\/media?parent=1267"}],"curies":[{"name":"wp","href":"https:\/\/api.w.org\/{rel}","templated":true}]}}